{"id":111,"date":"2017-01-01T15:29:12","date_gmt":"2017-01-01T14:29:12","guid":{"rendered":"http:\/\/drammen.katolsk.no\/WordPress\/?page_id=111"},"modified":"2026-03-10T11:00:16","modified_gmt":"2026-03-10T10:00:16","slug":"caritas","status":"publish","type":"page","link":"https:\/\/drammen.katolsk.no\/index.php\/caritas\/","title":{"rendered":"Caritas i Drammen"},"content":{"rendered":"<p><span style=\"color: #663300; font-size: 12pt;\"><strong><span style=\"color: #663300;\">Dato: 10.03.2026<\/span><\/strong><\/span><\/p>\n<p><a href=\"https:\/\/drammen.katolsk.no\/vedlegg\/Caritas\/Arsrapport2025_BudsjettCaritasDrammen_2026.pdf\" target=\"_blank\" rel=\"noopener\">\u00c5rsrapport 2025 og budsjett 2026<\/a><\/p>\n<p>&nbsp;<\/p>\n<p><span style=\"color: #663300; font-size: 12pt;\"><strong><span style=\"color: #663300;\">Dato: 09.06.2025<\/span><\/strong><\/span><\/p>\n<p><span style=\"color: #004c99;\"><strong><span style=\"font-size: 14pt;\">Styret i Caritas 2025\/26:<\/span><\/strong><\/span><\/p>\n<p><span style=\"font-size: 12pt;\">&#8211; Ragnhild Moslet Egeberg (leder)<\/span><\/p>\n<p><span style=\"font-size: 12pt;\">&#8211; Carmenza Rayes Pena (nestleder)<\/span><\/p>\n<p><span style=\"font-size: 12pt;\">&#8211; Alexander Krisak (\u00f8konomiansvarlig)<\/span><\/p>\n<p><span style=\"font-size: 12pt;\">&#8211; Ana Maria Silva Harper (styremedlem)<\/span><\/p>\n<p><span style=\"font-size: 12pt;\">&#8211; Sogneprest Ole Martin Stamnestr\u00f8 (ex officio \u2013 i kraft av sin stilling)<\/span><\/p>\n<p>&nbsp;<\/p>\n<hr>\n<p><span style=\"color: #663300; font-size: 12pt;\"><strong>Dato: 04.01.2025<\/strong><\/span><\/p>\n<p><span style=\"font-size: 12pt;\">Caritas <strong><span style=\"color: #ff0000;\">St.Laurentius<\/span><\/strong> har lagt et slitsomt \u00e5r bak seg. Ved hjelp av st\u00f8tte fra mange hold: alt fra menigheten, OKB, Caritas Norge, styret og andre frivillige, ser det n\u00e5 ut til at arbeidet kan g\u00e5 videre.<\/span><br \/>\n<span style=\"font-size: 12pt;\">Caritas skal gj\u00f8re et viktig arbeid p\u00e5 vegne av kirken, nemlig:<\/span><br \/>\n<span style=\"font-size: 12pt;\">&#8211; engasjere seg i arbeidet for \u00e5 bedre de svakest stiltes livssituasjon<\/span><br \/>\n<span style=\"font-size: 12pt;\">&#8211; hjelpe innvandrere til rette i menigheten og i samfunnet<\/span><\/p>\n<p><span style=\"font-size: 12pt;\">Men for \u00e5 klare dette trenger de b\u00e5de unge og eldre frivillige, til b\u00e5de kortvarige og langvarige oppgaver.<\/span><br \/>\n<span style=\"font-size: 12pt;\">Det avholdes <span style=\"color: #cc0000;\"><strong>et orienteringsm\u00f8te i Biblioteket\/StLaurentius kirke l\u00f8rdag 25. januar kl.14.00<\/strong><\/span> etter messen. Der gis det en orientering om hvilke tiltak man tenker \u00e5 gjennomf\u00f8re slik at DU kan se om det er noe som passer for deg.<\/span><\/p>\n<p><span style=\"font-size: 12pt;\">Vi er takknemlig for p\u00e5melding, slik vi kan planlegge en enkel servering.<\/span><\/p>\n<p>&nbsp;<\/p>\n<hr>\n<p><span style=\"color: #320000; font-size: 12pt;\"><strong>Dato: april 2024<\/strong><\/span><\/p>\n<p><span style=\"color: #004c99;\"><span style=\"font-size: 24px;\"><b>Nytt fra Caritas i Drammen<\/b><\/span><\/span><\/p>\n<p><span style=\"font-size: 12pt;\">Det nye styret i Caritas St Laurentius ble valgt p\u00e5 \u00e5rsm\u00f8tet i april og best\u00e5r av:<\/span><br \/>\n<span style=\"font-size: 12pt;\">Carmenza Reyes Pena, leder<\/span><br \/>\n<span style=\"font-size: 12pt;\">Ragnhild Moslet Egeberg, nestleder <\/span><br \/>\n<span style=\"font-size: 12pt;\">Victoria Frivold, styremedlem <\/span><br \/>\n<span style=\"font-size: 12pt;\">Marie Rue, styremedlem <\/span><br \/>\n<span style=\"font-size: 12pt;\">Det er ogs\u00e5 opprettet en arbeidsgruppe som best\u00e5r av Jorunn Wolstad og Hans Frivold samt leder og nestleder.<\/span><\/p>\n<p><span style=\"font-size: 12pt;\">V\u00e5re nye lokaler er p\u00e5 Austad g\u00e5rd, Sigurds gate 2. Telefonnummer er 958 37 597. Vi er oppe p\u00e5 tirsdager og torsdager fra 11-15. Ellers etter avtale. Arbeidsgruppen tar for tiden h\u00e5nd om daglig leder-funksjoner.<\/span><br \/>\n<span style=\"font-size: 12pt;\">Det vil komme mer informasjon etterhvert.<\/span><\/p>\n<div dir=\"auto\">&nbsp;<\/div>\n<div dir=\"auto\"><em>Vennlig hilsen for styret,&nbsp;<\/em><\/div>\n<div dir=\"auto\"><em>Ragnhild Moslet Egeberg&nbsp;<\/em><\/div>\n<p>&nbsp;<\/p>\n<hr>\n<p><span style=\"color: #320000; font-size: 12pt;\"><strong>Dato: 09.05.2022<\/strong><\/span><\/p>\n<p><span style=\"font-size: 18pt; color: #004c99;\"><strong>\u00c5rsm\u00f8te ble holdt den 28. april.<\/strong><\/span><br \/>\n<span style=\"font-size: 12pt;\">Styre for 2022 best\u00e5r av f\u00f8lgende:<\/span><\/p>\n<p><span style=\"font-size: 12pt;\">Trond Olav Aaring (leder)<\/span><br \/>\n<span style=\"font-size: 12pt;\">Carolina Maria Fernandes da Costa (nestleder)<\/span><br \/>\n<span style=\"font-size: 12pt;\">Carmenza Reyes Pena (styremedlem)<\/span><br \/>\n<span style=\"font-size: 12pt;\">Marie Elizabeth Grant Rue (styremedlem)<\/span><br \/>\n<span style=\"font-size: 12pt;\">Iwona Flaten (varamedlem)<\/span><\/p>\n<p>&nbsp;<\/p>\n<p><span style=\"font-size: 12pt;\"><em>Med vennlig hilsen <\/em><\/span><br \/>\n<span style=\"font-size: 12pt;\"><em>Trond Olav Aaring <\/em><\/span><br \/>\n<span style=\"font-size: 12pt;\"><em>Caritas St.Laurentius <\/em><\/span><\/p>\n<hr>\n<p>&nbsp;<\/p>\n<p><span style=\"font-size: 12pt;\"><strong>Dato: 04.05.2021<\/strong><\/span><\/p>\n<p><span style=\"font-size: 18pt; color: #004c99;\"><strong>\u00c5rsm\u00f8te 2021<\/strong><\/span><br \/>\n<span style=\"font-size: 12pt;\"><strong>Dato:<\/strong> 3.juni 2021<\/span><br \/>\n<span style=\"font-size: 12pt;\"><strong>Tidspunkt:<\/strong> 18:30<\/span><br \/>\n<span style=\"font-size: 12pt;\"><strong>Sted:<\/strong> Cappelens gt.5 Drammen<\/span><\/p>\n<p><span style=\"font-size: 12pt;\">Vanlige \u00e5rsm\u00f8tesaker.<\/span><\/p>\n<p><span style=\"font-size: 12pt;\">Saker som \u00f8nskes behandlet i \u00e5rsm\u00f8tet m\u00e5 v\u00e6re styret ved leder i hende<\/span><br \/>\n<span style=\"font-size: 12pt;\">innen torsdag den 20.mai<\/span><\/p>\n<p><span style=\"font-size: 12pt;\">Drammen 04.05.2021<\/span><\/p>\n<p><em><span style=\"font-size: 12pt;\">Trond Olav Aaring<\/span><\/em><br \/>\n<em><span style=\"font-size: 12pt;\">Telefon: 90685691<\/span><\/em><br \/>\n<em><span style=\"font-size: 12pt;\">Mail: cardrammen@gmail.com<\/span><\/em><\/p>\n<hr>\n<p>&nbsp;<\/p>\n<p><span style=\"font-size: 12pt;\"><strong>Dato: 27.08.2020<\/strong><\/span><\/p>\n<p><span style=\"font-size: 18pt; color: #004c99;\"><strong>Utsatt \u00e5rsm\u00f8te 2020<\/strong><\/span><\/p>\n<p><span style=\"font-size: 12pt;\">\u00c5rsm\u00f8te i Caritas St.Laurentius avholdes torsdag den 1.oktober kl 19.<\/span><br \/>\n<span style=\"font-size: 12pt;\">Sted: Menighetssalen\/biblioteket.<\/span><br \/>\n<span style=\"font-size: 12pt;\">Vanlige \u00e5rsm\u00f8tesaker.<\/span><br \/>\n<span style=\"font-size: 12pt;\">Saker som \u00f8nskes tatt opp p\u00e5 \u00e5rsm\u00f8tet m\u00e5 v\u00e6re styret ved leder i hende innen 17.oktober.<\/span><br \/>\n<span style=\"font-size: 12pt;\">Medlemmer i St. Laurentius katolske menighet i Drammen har stemmerett.<\/span><br \/>\n<span style=\"font-size: 12pt;\">P\u00e5 grunn av koronasituasjonen m\u00e5 gjeldende smittevernregler f\u00f8lges.<\/span><\/p>\n<p><span style=\"font-size: 12pt;\">P\u00e5 vegne av styret<\/span><\/p>\n<p><span style=\"font-size: 12pt;\">Trond Olav Aaring<\/span><br \/>\n<span style=\"font-size: 12pt;\">Leder.<\/span><\/p>\n<p>&nbsp;<\/p>\n<hr>\n<p><span style=\"font-size: 12pt;\"><strong>Dato: 18.08.2020<\/strong><\/span><\/p>\n<p><span style=\"font-size: 18pt; color: #004c99;\"><strong>Kurs i norsk spr\u00e5k for fremmedspr\u00e5klige.<\/strong><\/span><\/p>\n<p><span style=\"font-size: 12pt;\">Caritas starter kurs i norsk spr\u00e5k.<\/span><\/p>\n<p><span style=\"font-size: 12pt;\">Sted: Cappelens gt.5.<\/span><\/p>\n<p><span style=\"font-size: 12pt;\">Oppstart tirsdag den 1. september klokken 18.<\/span><\/p>\n<p><span style=\"font-size: 12pt;\">Med hensyn til koronasituasjonen m\u00e5 det holdes minst en meters avstand. Antall kursdeltakere begrenses til maksimum 8 personer pr kurs\/klasserom.<\/span><\/p>\n<p><span style=\"font-size: 12pt;\">P\u00e5melding til kurskoordinator Iwona Flaten (92013683)<\/span><\/p>\n<p>&nbsp;<\/p>\n<hr>\n<p><span style=\"font-size: 12pt;\"><strong>Dato: 02.06.2020<\/strong><\/span><\/p>\n<p><span style=\"font-size: 12pt;\">Det kan n\u00e5 v\u00e6re flere enn 5 personer i v\u00e5re lokaler. Det m\u00e5 holdes minst en meters avstand og gjeldende hygieneregler f\u00f8lges.<\/span><br \/>\n<span style=\"font-size: 12pt;\">Vi har n\u00e5 vanlige \u00e5pningstider og aktiviteter.<\/span><br \/>\n<span style=\"font-size: 12pt;\">For sp\u00f8rsm\u00e5l om kurs kontaktes kurskoordinator (se telefonnummer under)<\/span><br \/>\n<span style=\"font-size: 12pt;\">Vi har n\u00e5 tilgjengelig sosionom som snakker norsk og polsk.<\/span><br \/>\n<span style=\"font-size: 12pt;\">Drop in, advokat eller sosionom etter timeavtale.<\/span><br \/>\n<span style=\"font-size: 12pt;\">De fleste av v\u00e5re tjenester er fortsatt gratis, men ved bruk av helsetjenester og advokat m\u00e5 betaling p\u00e5regnes.<\/span><br \/>\n<span style=\"font-size: 12pt;\">Caritaskontoret vil ogs\u00e5 i \u00e5r holde feriestengt i juli. Vi besvarer henvendelser via telefon, sms og mail s\u00e5 langt det lar seg gj\u00f8re denne m\u00e5neden.<\/span><br \/>\n<span style=\"font-size: 12pt;\">Det vil komme n\u00e6rmere informasjon om norsskurs til h\u00f8sten 2020.<\/span><br \/>\n<span style=\"font-size: 12pt;\">Vi kan bist\u00e5 lag og foreninger med bistand om smitte &#8211; helseinformasjon.<\/span><br \/>\n<span style=\"font-size: 12pt;\">N\u00e5r problem oppst\u00e5r, ta kontakt med oss s\u00e5 snart som mulig.<\/span><\/p>\n<p><span style=\"font-size: 12pt;\">Kontaktinformasjon:<\/span><\/p>\n<p><span style=\"font-size: 12pt;\">Trond Olav Aaring telefon 90685691 (leder)<\/span><br \/>\n<span style=\"font-size: 12pt;\">Carolina Costa telefon 95837597 (veileder, aupair)<\/span><br \/>\n<span style=\"font-size: 12pt;\">Khiem Ngoc Nguyen 45837517 (veileder, bes\u00f8kstjeneste)<\/span><br \/>\n<span style=\"font-size: 12pt;\">Iwona Flaten 92013638 (kurskoordinator)<\/span><\/p>\n<p>&nbsp;<\/p>\n<p><span style=\"color: #cc0000; font-size: 12pt;\">Med vennlig hilsen <\/span><br \/>\n<span style=\"color: #cc0000; font-size: 12pt;\">Trond Olav Aaring <\/span><br \/>\n<span style=\"color: #cc0000; font-size: 12pt;\">Caritas St.Laurentius <\/span><br \/>\n<span style=\"color: #cc0000; font-size: 12pt;\">Cappelens gt 5. 3016 Drammen<\/span><br \/>\n<span style=\"color: #cc0000; font-size: 12pt;\">Organisasjonsnummer: 913503503<\/span><br \/>\n<span style=\"color: #cc0000; font-size: 12pt;\">Bankkonto: 2220 27 40514<\/span><br \/>\n<span style=\"color: #cc0000; font-size: 12pt;\">Telefon: 958 37 597 \/ 458 37 517<\/span><br \/>\n<span style=\"color: #cc0000; font-size: 12pt;\">Mail: cardrammen@gmail.com<\/span><br \/>\n<span style=\"color: #cc0000; font-size: 12pt;\">Vipps: 577779<\/span><\/p>\n<p>&nbsp;<\/p>\n<p><span style=\"font-family: helvetica, arial, sans-serif; color: #0000cc; font-size: 24pt;\"><strong>Caritas St.Laurentius har n\u00e5 f\u00e5tt egen hjemmeside.<\/strong><\/span><\/p>\n<p><span style=\"font-size: 14pt;\">Det er: www.caritasdrammen.no<\/span><\/p>\n<p><span style=\"font-size: 14pt;\">Informasjonskontoret har stengt i hele juli m\u00e5ned p\u00e5 grunn av fellesferie.<\/span><br \/>\n<span style=\"font-size: 14pt;\">Vi fors\u00f8ker \u00e5 svare p\u00e5 mail og sms i ferien.<\/span><br \/>\n<span style=\"font-size: 14pt;\">Aktivitetene starter i uke 32. M\u00f8dre i sentrum og konversasjonskvelder starter i uke 33.<\/span><br \/>\n<span style=\"font-size: 14pt;\">Kurs i norsk spr\u00e5k og samfunnskunnskap starter i uke 36.<\/span><br \/>\n<span style=\"font-size: 14pt;\">Vi tar imot sp\u00f8rsm\u00e5l og p\u00e5melding p\u00e5 cardrammen@gmail.com eller sms til telefon nummer 95837597.<\/span><\/p>\n<p><span style=\"font-size: 14pt;\">Med vennlig hilsen <\/span><br \/>\n<span style=\"font-size: 14pt;\">Trond Olav Aaring <\/span><\/p>\n<p><a href=\"\/gruppe\/Caritas\/Caritas\u00c5retsoversikt2018.pdf\" target=\"_blank\" rel=\"noopener noreferrer\"><img loading=\"lazy\" decoding=\"async\" class=\"alignnone wp-image-6172 size-full\" src=\"https:\/\/drammen.katolsk.no\/WordPress\/wp-content\/uploads\/2019\/02\/Caritas\u00c5retoversikt2018.jpg\" alt=\"\" width=\"1159\" height=\"11378\" data-id=\"6172\" srcset=\"https:\/\/drammen.katolsk.no\/wp-content\/uploads\/2019\/02\/Caritas\u00c5retoversikt2018.jpg 1159w, https:\/\/drammen.katolsk.no\/wp-content\/uploads\/2019\/02\/Caritas\u00c5retoversikt2018-768x7540.jpg 768w, https:\/\/drammen.katolsk.no\/wp-content\/uploads\/2019\/02\/Caritas\u00c5retoversikt2018-956x9385.jpg 956w\" sizes=\"auto, (max-width: 1159px) 100vw, 1159px\" \/><\/a><\/p>\n<p>&nbsp;<\/p>\n<p><span style=\"font-size: 14pt; color: #004c99;\"><strong>L\u00e6rer frivillig<\/strong><\/span><\/p>\n<p><span style=\"font-size: 12pt;\">Caritas \u00f8nsker frivillige som kan v\u00e6re l\u00e6rer p\u00e5 v\u00e5re kurs i norsk for fremmedspr\u00e5klige, niv\u00e5 A1 til B2, eventuelt tilkallingsvikarer.<br \/>\n<\/span><span style=\"font-size: 12pt;\">Vi har kurs p\u00e5 mandag, tirsdag og onsdag mellom klokken 18 og 20.<br \/>\n<\/span><span style=\"font-size: 12pt;\">Tidsrom er resten av 2018 og fram til juni 2019.<\/span><\/p>\n<p><span style=\"font-size: 12pt;\">Hvis du kan tenke deg dette, ta kontakt med daglig leder, Trond Olav Aaring.<\/span><\/p>\n<p><span style=\"font-size: 12pt;\">Telefon: 95837597<br \/>\n<\/span><span style=\"font-size: 12pt;\">Mail: cardrammen@gmail.com<\/span><\/p>\n<p>&nbsp;<\/p>\n<p><span style=\"color: #004c99;\"><strong><span style=\"font-size: 14pt;\">Virksomhetsplan for h\u00f8sten 2018.<\/span><\/strong><\/span><\/p>\n<p><span style=\"font-size: 12pt;\">Tilbud til de som har rusproblem (samarbeid med A.A)<\/span><\/p>\n<p><span style=\"font-size: 12pt;\">Arbeidslivsfadderordning i samarbeid med NAV. Vi pr\u00f8ver \u00e5 f\u00e5 til en ordning der de som er ny p\u00e5 en arbeidsplass har en kontaktperson p\u00e5 samme sted som de kan snakke med og f\u00e5 forklaring p\u00e5 ting som kan v\u00e6re vanskelig. Ordningen er forventet \u00e5 vare inntil et \u00e5r som pr\u00f8veprosjekt.<\/span><\/p>\n<p><span style=\"font-size: 12pt;\">Konversasjonskvelder der vi p\u00e5 en uformell m\u00e5te samles en kveld i uka og snakker om forskjellige tema p\u00e5 norsk. Carolina har ansvar for dette.<\/span><\/p>\n<p><span style=\"font-size: 12pt;\">M\u00f8dre i sentrum. Tilbud til m\u00f8dre som \u00f8nsker \u00e5 komme ut for \u00e5 gj\u00f8re h\u00e5ndarbeid av forskjellig slag, snakke sammen og ha det hyggelig. Dagtid en dag i uka. Carolina og Marie har ansvar for dette.<\/span><\/p>\n<p><span style=\"font-size: 12pt;\">Norskkurs 26 timer, avhengig av at mange nok melder seg p\u00e5. Kr 1000 pr. deltaker.<\/span><br \/>\n<span style=\"font-size: 12pt;\">Drop in undervisning, kr 50 pr deltaker pr. time.<\/span><br \/>\n<span style=\"font-size: 12pt;\">Caritas St.Laurentius kj\u00f8per inn tekstb\u00f8ker til deltakerne p\u00e5 kurs. Drop in deltakere kan f\u00e5 l\u00e5ne b\u00f8ker. Vi har dessverre ikke flere plasser ledig, men kan ta imot drop in deltakere.<\/span><\/p>\n<p><span style=\"font-size: 12pt;\">Onsdagssamling andre onsdag i m\u00e5neden klokken 18:30. Vi pr\u00f8ver \u00e5 f\u00e5 noen utenfra til \u00e5 fortelle om aktuelle tema. Ansvarlig er Trond. Her p\u00e5l\u00f8per reiseutgifter til de som bes\u00f8ker oss.<\/span><\/p>\n<p><span style=\"font-size: 12pt;\">Trafikkoppl\u00e6ring i samarbeid med Driving Trafikkskole.<\/span><br \/>\n<span style=\"font-size: 12pt;\">M\u00e5let er rimelig oppl\u00e6ring med m\u00e5l f\u00f8rerkort klasse B, B1.<\/span><\/p>\n<p><span style=\"font-size: 12pt;\">En anser dette som viktig arbeid da mange innvandrere kj\u00f8rer med ugyldig f\u00f8rerkort ifra sitt hjemland der deres forst\u00e5else innen norske trafikkregler og trygg ferdsel i trafikken ikke er bra nok.<\/span><\/p>\n<p><span style=\"font-size: 12pt;\">Samlingssted for au p\u00e6rer (opplegg og tidspunkt etter behov) Det ser ut til \u00e5 bli en kveld hver andre uke (ca tre timer pr. kveld)<\/span><\/p>\n<p><span style=\"font-size: 12pt;\">Selvhjelpsgrupper spesielt beregnet p\u00e5 arbeidsliv og skole\/familie.<\/span><\/p>\n<p><span style=\"font-size: 12pt;\">Informasjonskontor\/ressurssenter.<\/span><br \/>\n<span style=\"font-size: 12pt;\">Fysisk\/psykisk helse<\/span><br \/>\n<span style=\"font-size: 12pt;\">Tannlegeordning<\/span><br \/>\n<span style=\"font-size: 12pt;\">Juridisk bistand<\/span><br \/>\n<span style=\"font-size: 12pt;\">Noen \u00e5 snakke med<\/span><br \/>\n<span style=\"font-size: 12pt;\">Arbeid<\/span><br \/>\n<span style=\"font-size: 12pt;\">Bolig<\/span><br \/>\n<span style=\"font-size: 12pt;\">Oversettelse og hjelp til \u00e5 fylle ut skjema\/offentlige dokumenter<\/span><br \/>\n<span style=\"font-size: 12pt;\">Opphold<\/span><br \/>\n<span style=\"font-size: 12pt;\">Assistert hjemreise<\/span><\/p>\n<p><span style=\"font-size: 12pt;\">Vi trenger frivillige som kan jobbe enten p\u00e5 dagtid eller kveldstid.<\/span><br \/>\n<span style=\"font-size: 12pt;\">Vi trenger ogs\u00e5 to l\u00e6rere som kan vikariere p\u00e5 v\u00e5re kurs i norsk og samfunnskunnskap.<\/span><\/p>\n<p><span style=\"font-size: 12pt;\">Samarbeidspartnere:<\/span><\/p>\n<p><img loading=\"lazy\" decoding=\"async\" class=\"alignnone size-full wp-image-5193\" src=\"https:\/\/drammen.katolsk.no\/WordPress\/wp-content\/uploads\/2018\/09\/Caritas_samarbeid.jpg\" alt=\"\" width=\"546\" height=\"137\" data-id=\"5193\"><\/p>\n<p>&nbsp;<\/p>\n<p><b><br \/>\n<a href=\"\/gruppe\/Caritas\/Caritas\u00c5retsoversikt2017.pdf\" target=\"_blank\" rel=\"noopener noreferrer\"><img loading=\"lazy\" decoding=\"async\" class=\"alignnone wp-image-3211 size-full\" src=\"https:\/\/drammen.katolsk.no\/WordPress\/wp-content\/uploads\/2018\/01\/2018_allesider.png\" alt=\"\" width=\"1159\" height=\"12324\" data-id=\"3211\" srcset=\"https:\/\/drammen.katolsk.no\/wp-content\/uploads\/2018\/01\/2018_allesider.png 1159w, https:\/\/drammen.katolsk.no\/wp-content\/uploads\/2018\/01\/2018_allesider-768x8166.png 768w\" sizes=\"auto, (max-width: 1159px) 100vw, 1159px\" \/><\/a><\/b><\/p>\n","protected":false},"excerpt":{"rendered":"<p>Dato: 10.03.2026 \u00c5rsrapport 2025 og budsjett 2026 &nbsp; Dato: 09.06.2025 Styret i Caritas 2025\/26: &#8211; Ragnhild Moslet Egeberg (leder) &#8211;<\/p>\n","protected":false},"author":2,"featured_media":0,"parent":0,"menu_order":0,"comment_status":"closed","ping_status":"closed","template":"","meta":{"colormag_page_container_layout":"default_layout","colormag_page_sidebar_layout":"default_layout","ngg_post_thumbnail":0,"footnotes":""},"class_list":["post-111","page","type-page","status-publish","hentry"],"jetpack_sharing_enabled":true,"_links":{"self":[{"href":"https:\/\/drammen.katolsk.no\/index.php\/wp-json\/wp\/v2\/pages\/111","targetHints":{"allow":["GET"]}}],"collection":[{"href":"https:\/\/drammen.katolsk.no\/index.php\/wp-json\/wp\/v2\/pages"}],"about":[{"href":"https:\/\/drammen.katolsk.no\/index.php\/wp-json\/wp\/v2\/types\/page"}],"author":[{"embeddable":true,"href":"https:\/\/drammen.katolsk.no\/index.php\/wp-json\/wp\/v2\/users\/2"}],"replies":[{"embeddable":true,"href":"https:\/\/drammen.katolsk.no\/index.php\/wp-json\/wp\/v2\/comments?post=111"}],"version-history":[{"count":42,"href":"https:\/\/drammen.katolsk.no\/index.php\/wp-json\/wp\/v2\/pages\/111\/revisions"}],"predecessor-version":[{"id":18299,"href":"https:\/\/drammen.katolsk.no\/index.php\/wp-json\/wp\/v2\/pages\/111\/revisions\/18299"}],"wp:attachment":[{"href":"https:\/\/drammen.katolsk.no\/index.php\/wp-json\/wp\/v2\/media?parent=111"}],"curies":[{"name":"wp","href":"https:\/\/api.w.org\/{rel}","templated":true}]}}