{"id":113,"date":"2017-01-01T15:31:33","date_gmt":"2017-01-01T14:31:33","guid":{"rendered":"http:\/\/drammen.katolsk.no\/WordPress\/?page_id=113"},"modified":"2025-04-28T12:26:27","modified_gmt":"2025-04-28T10:26:27","slug":"katekese","status":"publish","type":"page","link":"https:\/\/drammen.katolsk.no\/index.php\/katekese\/","title":{"rendered":"Katekese for barn"},"content":{"rendered":"<h3 style=\"text-align: center;\"><span style=\"color: #004c99; font-size: 18pt;\"><strong>Programmet til trosoppl\u00e6ring for unge katolikker<br \/>\n<\/strong><strong>St. Laurentius Drammen 2024-2025<\/strong><\/span><\/h3>\n<p style=\"text-align: center;\"><span style=\"font-size: 14pt;\">.<\/span><\/p>\n<div style=\"text-align: center;\">&nbsp;<\/div>\n<div>\n<p><span style=\"font-size: 12pt;\"><strong>07.09.2024<\/strong>&nbsp; &nbsp;Kl.10:00 &#8211; F\u00f8rste l\u00f8rdagskatekese<br \/>\n<\/span><span style=\"font-size: 12pt;\"> <span style=\"color: #ff0000;\">P\u00e5melding&amp; \u00e5pningsfest <\/span><\/span><\/p>\n<p><span style=\"font-size: 12pt;\"><strong>05.10.2024<\/strong>&nbsp; &nbsp;Kl.10:00 &#8211; L\u00f8rdagskatekese <\/span><\/p>\n<p><span style=\"font-size: 12pt;\"><strong>02.11.2024<\/strong>&nbsp; &nbsp;Kl.10:00 &#8211; L\u00f8rdagskatekese<\/span><\/p>\n<p><span style=\"font-size: 12pt;\"><strong>07.12.2024<\/strong>&nbsp; &nbsp;Kl.10:00 &#8211; L\u00f8rdagskatekese <\/span><br \/>\n<strong><span style=\"font-size: 12pt; color: #6600cc;\">Skriftem\u00e5l i advent <\/span><\/strong><\/p>\n<p><span style=\"font-size: 12pt;\"><strong>17.12.2024<\/strong>&nbsp; &nbsp;\u00d8velse til julespillet <\/span><\/p>\n<p><strong><span style=\"font-size: 12pt; color: #ff0000;\">24.12.2024&nbsp; &nbsp;Kl 15.00 BARNEJULEFEIRING MED JULESPILLET <\/span><\/strong><\/p>\n<p><span style=\"font-size: 12pt;\"><strong>04.01.2025<\/strong>&nbsp; &nbsp;Kl.10:00 &#8211; L\u00f8rdagskatekese <\/span><\/p>\n<p><span style=\"font-size: 12pt;\"><strong>25.01.2025<\/strong>&nbsp; &nbsp;<span style=\"color: #ff0000;\">Kl.11.00 (1. Kommunions barn undervisning)<\/span><\/span><\/p>\n<p><span style=\"font-size: 12pt;\"><strong>01.02.2025<\/strong>&nbsp; &nbsp;Kl.10:00 &#8211; L\u00f8rdagskatekese<\/span><\/p>\n<p><span style=\"font-size: 12pt;\"><strong>22.02.2025<\/strong>&nbsp; &nbsp;<span style=\"color: #ff0000;\">Kl.11.00 (1. kommunions barn undervisning)<\/span><\/span><\/p>\n<p><span style=\"font-size: 12pt;\"><strong>01.03.2025<\/strong>&nbsp; &nbsp;Kl.10:00 &#8211; L\u00f8rdagskatekese <\/span><br \/>\n<span style=\"color: #6600cc;\"><strong><span style=\"font-size: 12pt;\">Skriftem\u00e5l i fasten <\/span><\/strong><\/span><\/p>\n<p><span style=\"font-size: 12pt;\"><strong>22.03.2025<\/strong>&nbsp; &nbsp;<span style=\"color: #ff0000;\">Kl. 11.00 (1.Kommunions barn undervisning)<\/span><\/span><\/p>\n<p><span style=\"font-size: 12pt;\"><strong>05.04.2025<\/strong>&nbsp; &nbsp;Kl.10:00 &#8211; L\u00f8rdagskatekese <\/span><br \/>\n<strong><span style=\"font-size: 12pt; color: #6600cc;\">Skriftem\u00e5l og korsveiandakt <\/span><\/strong><\/p>\n<p><span style=\"font-size: 12pt;\"><strong>03.05.2025<\/strong>&nbsp; &nbsp;Kl.10:00 &#8211; L\u00f8rdagskatekese<\/span><\/p>\n<p><span style=\"font-size: 12pt;\"><strong>10.05.2025<\/strong> Kl.10.00 1.kommunions barn ekstra undervisning<\/span><\/p>\n<p><span style=\"font-size: 12pt; color: #ff0000;\"><strong>11.05.2025<\/strong>&nbsp; &nbsp;Kl. 13.00 KONFIRMASJONS FEIRING<\/span><\/p>\n<p><span style=\"font-size: 12pt;\"><strong>07.06.2025<\/strong>&nbsp; &nbsp;Kl.10:00 &#8211; L\u00f8rdagskatekese <\/span><br \/>\n<span style=\"color: #0066cc;\"><strong><span style=\"font-size: 12pt;\">Avslutningsfest<\/span><\/strong><\/span><\/p>\n<p><span style=\"font-size: 12pt;\"><strong>21.06.2025<\/strong> Kl.10.00 1.kommunions barn ekstra undervisning (Skriftem\u00e5l)<\/span><\/p>\n<p><span style=\"font-size: 12pt; color: #ff0000;\"><strong>22.06.2025<\/strong>&nbsp; &nbsp;Festen for KRISTI LEGEME OG BLOD <\/span><br \/>\n<span style=\"font-size: 12pt; color: #ff0000;\">Kl. 13.00 F\u00f8rstkommunionsfeiring<\/span><\/p>\n<\/div>\n<p>&nbsp;<\/p>\n<p style=\"text-align: center;\">&nbsp;<\/p>\n<p style=\"text-align: center;\">&nbsp;<\/p>\n<p><img decoding=\"async\" class=\"aligncenter\" src=\"https:\/\/drammen.katolsk.no\/images\/sunday-school.jpg\"><\/p>\n","protected":false},"excerpt":{"rendered":"<p>Programmet til trosoppl\u00e6ring for unge katolikker St. Laurentius Drammen 2024-2025 . &nbsp; 07.09.2024&nbsp; &nbsp;Kl.10:00 &#8211; F\u00f8rste l\u00f8rdagskatekese P\u00e5melding&amp; \u00e5pningsfest 05.10.2024&nbsp;<\/p>\n","protected":false},"author":2,"featured_media":0,"parent":0,"menu_order":0,"comment_status":"closed","ping_status":"closed","template":"","meta":{"colormag_page_container_layout":"default_layout","colormag_page_sidebar_layout":"default_layout","ngg_post_thumbnail":0,"footnotes":""},"class_list":["post-113","page","type-page","status-publish","hentry"],"jetpack_sharing_enabled":true,"_links":{"self":[{"href":"https:\/\/drammen.katolsk.no\/index.php\/wp-json\/wp\/v2\/pages\/113","targetHints":{"allow":["GET"]}}],"collection":[{"href":"https:\/\/drammen.katolsk.no\/index.php\/wp-json\/wp\/v2\/pages"}],"about":[{"href":"https:\/\/drammen.katolsk.no\/index.php\/wp-json\/wp\/v2\/types\/page"}],"author":[{"embeddable":true,"href":"https:\/\/drammen.katolsk.no\/index.php\/wp-json\/wp\/v2\/users\/2"}],"replies":[{"embeddable":true,"href":"https:\/\/drammen.katolsk.no\/index.php\/wp-json\/wp\/v2\/comments?post=113"}],"version-history":[{"count":57,"href":"https:\/\/drammen.katolsk.no\/index.php\/wp-json\/wp\/v2\/pages\/113\/revisions"}],"predecessor-version":[{"id":16754,"href":"https:\/\/drammen.katolsk.no\/index.php\/wp-json\/wp\/v2\/pages\/113\/revisions\/16754"}],"wp:attachment":[{"href":"https:\/\/drammen.katolsk.no\/index.php\/wp-json\/wp\/v2\/media?parent=113"}],"curies":[{"name":"wp","href":"https:\/\/api.w.org\/{rel}","templated":true}]}}