{"id":115,"date":"2017-01-01T15:33:17","date_gmt":"2017-01-01T14:33:17","guid":{"rendered":"http:\/\/drammen.katolsk.no\/WordPress\/?page_id=115"},"modified":"2022-07-27T13:22:18","modified_gmt":"2022-07-27T11:22:18","slug":"ungdomslag","status":"publish","type":"page","link":"https:\/\/drammen.katolsk.no\/index.php\/ungdomslag\/","title":{"rendered":"Ungdomslag"},"content":{"rendered":"<h2 class=\"bodytext\"><b><span style=\"color: #000080;\">ST. LAURENTIUS LOKALE UNGDOMSLAG<\/span><\/b><\/h2>\n<p class=\"bodytext\"><a href=\"http:\/\/www.nuk.no\/\" target=\"_blank\" rel=\"noopener\">Norges Unge Katolikker (NUK)<\/a> er en sammenslutning av katolske barne- og ungdomslag som har sitt utspring i de katolske menighetene i Norge. Organisasjonen er partipolitisk uavhengig. Er du mellom 15 og 35 \u00e5r kan du v\u00e6re medlem i NUKs ungdomslag. Da f\u00e5r du bladet KU (Katolsk Ungdom \u2013 veldig bra!) fire ganger i \u00e5ret, tilbud om \u00e5 delta p\u00e5 forskjellige ungdomsleire o.a.<\/p>\n<p class=\"bodytext\">Lokallaget for ungdom i St. Laurentius heter &laquo;<b>Dueflokken<\/b>&laquo;, D for Drammen og due fordi den hvite duen representerer den Hellige \u00c5nd.<\/p>\n<p>Lokallaget er f\u00f8rst og fremst for konfirmanter og ungdom oppover, men yngre medlemmer er ogs\u00e5 velkomne p\u00e5 m\u00f8tene.<br \/>\nM\u00f8tene holdes som regel p\u00e5 en s\u00f8ndag en gang i m\u00e5neden der vi m\u00f8tes for \u00e5 v\u00e6re sosiale samtidig ha noe av katolsk innslag som f.eks sang, b\u00f8nn, lek eller samtale.<\/p>\n<p>M\u00f8tene pleier som regel \u00e5 v\u00e6re etter messen og kirkekaffen, men hvilken dato i m\u00e5neden varierer. Tidligere har vi g\u00e5tt p\u00e5 kino, hatt filmkveld, spillekveld, g\u00e5tt p\u00e5 sk\u00f8yter o.l.<\/p>\n<p>Hittil har det blitt arrangert en overnatting som ble veldig vellykket, og vi h\u00e5per p\u00e5 \u00e5 f\u00e5 arrangert flere etter hvert.<br \/>\nI desember kommer vi til \u00e5 v\u00e6re aktive med Adventsaksjonen og kirkekaffe.<\/p>\n<p>For tiden er medlemstallet rundt 20 stk, mer eller mindre, men vi h\u00e5per p\u00e5 \u00e5 bli flere!<br \/>\nPrisen for \u00e5 v\u00e6re med er 100kr i \u00e5ret. Medlemskontingenten betales til NUK og da f\u00e5r du rabatt p\u00e5 NUK&#8217;s arrangement og leire.<b><\/b><\/p>\n<p><strong>Dueflokken har n\u00e5 f\u00e5tt ett nytt styre og ny leder fra 01. januar 2018<\/strong><\/p>\n<p><strong>Suelila John &#8211; Leder<\/strong><br \/>\njsuelila97@gmail.com<br \/>\n99343546<\/p>\n<p><strong>Pham Peter &#8211; Nest-leder<\/strong><br \/>\npetter-02@hotmail.com<br \/>\n95144363<\/p>\n<p><strong>Pham Anh Nguyen &#8211; Sekret\u00e6r<\/strong><br \/>\nqanh.pham01@gmail.com<br \/>\n97904835<\/p>\n<p><strong>Ballano Johanna &#8211; Kasserer<\/strong><br \/>\njohanna@borresenskole.com<br \/>\n98086843<\/p>\n<p><strong>Do Tina Nhung &#8211; Styremedlem<\/strong><br \/>\ntinanhungdo@icloud.com<br \/>\n95012575<\/p>\n<p><strong>Mai Xuan-Huy Ba &#8211; Styremedlem<\/strong><br \/>\nitzhuy@gmail.com<br \/>\n48044887<\/p>\n<p><strong>Nguyen Daniel &#8211; Styremedlem<\/strong><br \/>\ndann_bao@hotmail.com<br \/>\n96849605<\/p>\n<p><strong>Vu Le Mai Linn &#8211; Styremedlem<\/strong><br \/>\nMaiilinn@hotmail.com<br \/>\n45226298<\/p>\n<p><strong>Ny Ungdomskontakt:<\/strong> Olav Tuan Nguyen tlf: 40105413 &#8211; epost: nguyen.q.tuan@gmail.com<\/p>\n","protected":false},"excerpt":{"rendered":"<p>ST. LAURENTIUS LOKALE UNGDOMSLAG Norges Unge Katolikker (NUK) er en sammenslutning av katolske barne- og ungdomslag som har sitt utspring<\/p>\n","protected":false},"author":2,"featured_media":0,"parent":0,"menu_order":0,"comment_status":"closed","ping_status":"closed","template":"","meta":{"colormag_page_container_layout":"default_layout","colormag_page_sidebar_layout":"default_layout","ngg_post_thumbnail":0,"footnotes":""},"class_list":["post-115","page","type-page","status-publish","hentry"],"jetpack_sharing_enabled":true,"_links":{"self":[{"href":"https:\/\/drammen.katolsk.no\/index.php\/wp-json\/wp\/v2\/pages\/115","targetHints":{"allow":["GET"]}}],"collection":[{"href":"https:\/\/drammen.katolsk.no\/index.php\/wp-json\/wp\/v2\/pages"}],"about":[{"href":"https:\/\/drammen.katolsk.no\/index.php\/wp-json\/wp\/v2\/types\/page"}],"author":[{"embeddable":true,"href":"https:\/\/drammen.katolsk.no\/index.php\/wp-json\/wp\/v2\/users\/2"}],"replies":[{"embeddable":true,"href":"https:\/\/drammen.katolsk.no\/index.php\/wp-json\/wp\/v2\/comments?post=115"}],"version-history":[{"count":9,"href":"https:\/\/drammen.katolsk.no\/index.php\/wp-json\/wp\/v2\/pages\/115\/revisions"}],"predecessor-version":[{"id":12345,"href":"https:\/\/drammen.katolsk.no\/index.php\/wp-json\/wp\/v2\/pages\/115\/revisions\/12345"}],"wp:attachment":[{"href":"https:\/\/drammen.katolsk.no\/index.php\/wp-json\/wp\/v2\/media?parent=115"}],"curies":[{"name":"wp","href":"https:\/\/api.w.org\/{rel}","templated":true}]}}