{"id":12276,"date":"2022-07-01T09:41:11","date_gmt":"2022-07-01T07:41:11","guid":{"rendered":"http:\/\/drammen.katolsk.no\/?page_id=12276"},"modified":"2025-08-25T18:21:27","modified_gmt":"2025-08-25T16:21:27","slug":"pamelding-til-katekese","status":"publish","type":"page","link":"https:\/\/drammen.katolsk.no\/index.php\/pamelding-til-katekese\/","title":{"rendered":"P\u00e5melding til katekese"},"content":{"rendered":"<h1 style=\"text-align: center;\"><span style=\"font-size: 18pt; color: #004c99;\"><strong>Informasjon om trosoppl\u00e6ring for barn og ungdommer<br \/>\n<\/strong><\/span><span style=\"font-size: 18pt; color: #004c99;\"><strong>i St.Laurentius menighet- Drammen 2025-2026<\/strong><\/span><\/h1>\n<p>&nbsp;<\/p>\n<p style=\"text-align: center;\"><span style=\"font-size: 12pt;\"><strong>St.Laurentius menighet inviterer alle barn og ungdommer i alder fra 1.klasse til konfirmasjon til katekese undervisning for skole\u00e5ret 2025-2026.<\/strong><\/span><\/p>\n<p style=\"text-align: center;\"><span style=\"font-size: 12pt;\"><strong>Oppstartdato: <span style=\"color: #ff0000;\">&nbsp;L<\/span><span style=\"color: #ff0000;\">\u00f8rdag 06. sept 2025 <span style=\"color: #ff0000;\">kl.10.00<\/span> <\/span>&nbsp;med p\u00e5melding og \u00e5pningsfest.<\/strong><\/span><\/p>\n<h2 style=\"text-align: center;\"><span style=\"color: #ff0000;\"><span style=\"font-size: 12pt;\"><strong>&nbsp;<\/strong><\/span><span style=\"font-size: 18pt; color: #004c99;\"><strong>VIKTIG!<\/strong><\/span><\/span><\/h2>\n<p style=\"text-align: center;\"><span style=\"font-size: 12pt;\"><strong>Fra n\u00e5 av innf\u00f8res det to \u00e5rs undervisning for de som vil bli konfirmert og for de som vil ta F\u00f8rste Kommunion. Det er f\u00f8lgende inndeling:<\/strong><\/span><\/p>\n<p style=\"text-align: center;\"><span style=\"font-size: 12pt;\"><strong>* Ungdommer som g\u00e5r i 8.klasse i \u00e5r, skal melde seg p\u00e5 1.\u00e5rs konfirmasjonsklasse.<br \/>\n* Ungdommer som g\u00e5r i 9.klasse i \u00e5r, skal melde seg p\u00e5 2.\u00e5rs konfirmasjonsklasse.<\/strong><\/span><\/p>\n<p style=\"text-align: center;\"><span style=\"font-size: 12pt;\"><strong>* Barn som g\u00e5r i 2.klasse i \u00e5r, skal melde seg p\u00e5 1.\u00e5rs F\u00f8rste Kommunions klasse.<\/strong><\/span><\/p>\n<p style=\"text-align: center;\"><span style=\"font-size: 12pt;\"><strong>* Barn som g\u00e5r i 3.klasse i \u00e5r, skal melde seg p\u00e5 2.\u00e5rs F\u00f8rste Kommunions klasse.<\/strong><\/span><\/p>\n<h3 style=\"text-align: center;\"><span style=\"color: #004c99; font-size: 18pt;\"><strong>P\u00c5MELDING TIL KATEKESE Skole\u00e5ret 2025\/2026&nbsp;<\/strong><\/span><\/h3>\n<p style=\"text-align: center;\"><strong><span style=\"color: #004c99;\"><a style=\"color: #004c99;\" href=\"https:\/\/drammen.katolsk.no\/index.php\/personvernerlaering\/\" target=\"_blank\" rel=\"noopener\"><span style=\"font-size: 12pt;\">Personvernererkl\u00e6ring<\/span><\/a><\/span><\/strong><\/p>\n<p>&nbsp;<\/p>\n<p style=\"text-align: center;\"><span style=\"font-size: 12pt;\"><strong>P\u00e5melding skjer elektronisk. Klikk p\u00e5 lenkene under og velg den klasse som passer deg. Fyll ut og send inn f\u00f8r <span style=\"color: #ff0000;\">&nbsp;L<\/span><span style=\"color: #ff0000;\">\u00f8rdag 06. sept 2025 kl.10.00<\/span><span style=\"color: #ff0000;\">.<\/span><\/strong><\/span><\/p>\n<p style=\"text-align: center;\"><a href=\"https:\/\/forms.office.com\/r\/qBVvrY5gSV\" target=\"_blank\" rel=\"noopener\"><span style=\"color: #004c99;\"><strong><span style=\"font-size: 14pt;\">1.\u00e5r f\u00f8rstekommunion<\/span><\/strong><\/span><\/a><\/p>\n<p style=\"text-align: center;\"><a href=\"https:\/\/forms.office.com\/r\/0UgbKKe4ju\" target=\"_blank\" rel=\"noopener\"><span style=\"color: #004c99;\"><strong><span style=\"font-size: 14pt;\">2.\u00e5r f\u00f8rstekommunion<\/span><\/strong><\/span><\/a><\/p>\n<p style=\"text-align: center;\"><a href=\"https:\/\/forms.office.com\/r\/1hA1DTrwBS\" target=\"_blank\" rel=\"noopener\"><span style=\"color: #990000;\"><strong><span style=\"font-size: 14pt;\">1. \u00e5r konfirmasjon<\/span><\/strong><\/span><\/a><\/p>\n<p style=\"text-align: center;\"><a href=\"https:\/\/forms.office.com\/pages\/responsepage.aspx?id=DQSIkWdsW0yxEjajBLZtrQAAAAAAAAAAAAZ__vh8fQRUOU5DRk81QVdOS0ZNUE9IUlIxTkE2U0pWTS4u\" target=\"_blank\" rel=\"noopener\"><strong><span style=\"font-size: 14pt;\">2. \u00e5r konfirmasjon<\/span><\/strong><\/a><\/p>\n<p style=\"text-align: center;\"><strong><span style=\"font-size: 14pt;\">og&nbsp; <a href=\"https:\/\/forms.office.com\/r\/yNZVqkqfgK\" target=\"_blank\" rel=\"noopener\">annet klassetrinn<\/a><\/span><\/strong><\/p>\n<p style=\"text-align: center;\"><a href=\"https:\/\/forms.office.com\/Pages\/ResponsePage.aspx?id=DQSIkWdsW0yxEjajBLZtrQAAAAAAAAAAAAZ__vh8fQRUNDJYVjZLQjNYTUVUVENDMzVQMlRENU5NSS4u\" target=\"_blank\" rel=\"noopener\"><strong><span style=\"font-size: 14pt;\">Litauisk f\u00f8rstekommunion<\/span><\/strong><\/a><\/p>\n<h3>&nbsp;<\/h3>\n<h3 style=\"text-align: center;\"><span style=\"font-size: 18pt; color: #990000;\"><strong>POLSK &#8211; p\u00e5melding til katekese<\/strong><\/span><\/h3>\n<p style=\"text-align: center;\"><strong><span style=\"font-size: 12pt;\"><a href=\"https:\/\/forms.cloud.microsoft\/r\/YQDp2hMjv2\" target=\"_blank\" rel=\"noopener\">POLSK &#8211; P\u00e5melding 1.\u00e5r f\u00f8rstekommunion <\/a><\/span><\/strong><\/p>\n<p style=\"text-align: center;\"><strong><span style=\"font-size: 12pt;\"><a href=\"https:\/\/forms.cloud.microsoft\/r\/NQme4L2WG4\" target=\"_blank\" rel=\"noopener\">POLSK &#8211; P\u00e5melding 2.\u00e5r f\u00f8rste kommunion<\/a><\/span><\/strong><\/p>\n<p style=\"text-align: center;\"><strong><span style=\"font-size: 12pt;\"><a href=\"https:\/\/forms.cloud.microsoft\/r\/7GsF2CEsg1\" target=\"_blank\" rel=\"noopener\">POLSK &#8211; P\u00e5melding 1.\u00e5r konfirmasjon<\/a><\/span><\/strong><\/p>\n<p style=\"text-align: center;\"><strong><span style=\"font-size: 12pt;\"><a href=\"https:\/\/forms.cloud.microsoft\/r\/61P4SN38KQ\" target=\"_blank\" rel=\"noopener\">POLSK &#8211; P\u00e5melding 2.\u00e5r konfirmasjon<\/a><\/span><\/strong><\/p>\n<p style=\"text-align: center;\">&nbsp;<\/p>\n<p>&nbsp;<\/p>\n<p style=\"text-align: center;\"><span style=\"font-size: 12pt;\"><strong>&nbsp;Sp\u00f8rsm\u00e5l som gjelder katekese og p\u00e5melding kan rettes til:<br \/>\n<\/strong><\/span><span style=\"font-size: 12pt;\"><strong>Diakon Mang Le Van mobil 90602255<br \/>\n<\/strong><\/span><strong style=\"font-size: 12pt;\">eller Theresa Jee mobil 97635954<\/strong><\/p>\n<p>&nbsp;<\/p>\n<h3 style=\"text-align: center;\"><span style=\"font-size: 18pt; color: #004c99;\"><strong>Programmet til trosoppl\u00e6ring for unge katolikker<br \/>\n<\/strong><strong>St. Laurentius Drammen 2025-2026<\/strong><\/span><\/h3>\n<p style=\"text-align: center;\"><span style=\"color: #990000;\"><span style=\"font-size: 16px;\"><i>&nbsp;<\/i><\/span><\/span><\/p>\n<p>&nbsp;<\/p>\n<p style=\"text-align: center;\"><img loading=\"lazy\" decoding=\"async\" class=\"alignnone wp-image-12408 size-medium\" src=\"https:\/\/drammen.katolsk.no\/WordPress\/wp-content\/uploads\/2022\/08\/Benefits-of-Catholic-Education-770x582-1-300x227.jpg\" alt=\"\" width=\"300\" height=\"227\" data-id=\"12408\"><\/p>\n<p>&nbsp;<\/p>\n","protected":false},"excerpt":{"rendered":"<p>Informasjon om trosoppl\u00e6ring for barn og ungdommer i St.Laurentius menighet- Drammen 2025-2026 &nbsp; St.Laurentius menighet inviterer alle barn og ungdommer<\/p>\n","protected":false},"author":2,"featured_media":0,"parent":0,"menu_order":0,"comment_status":"closed","ping_status":"closed","template":"","meta":{"colormag_page_container_layout":"default_layout","colormag_page_sidebar_layout":"default_layout","ngg_post_thumbnail":0,"footnotes":""},"class_list":["post-12276","page","type-page","status-publish","hentry"],"jetpack_sharing_enabled":true,"_links":{"self":[{"href":"https:\/\/drammen.katolsk.no\/index.php\/wp-json\/wp\/v2\/pages\/12276","targetHints":{"allow":["GET"]}}],"collection":[{"href":"https:\/\/drammen.katolsk.no\/index.php\/wp-json\/wp\/v2\/pages"}],"about":[{"href":"https:\/\/drammen.katolsk.no\/index.php\/wp-json\/wp\/v2\/types\/page"}],"author":[{"embeddable":true,"href":"https:\/\/drammen.katolsk.no\/index.php\/wp-json\/wp\/v2\/users\/2"}],"replies":[{"embeddable":true,"href":"https:\/\/drammen.katolsk.no\/index.php\/wp-json\/wp\/v2\/comments?post=12276"}],"version-history":[{"count":41,"href":"https:\/\/drammen.katolsk.no\/index.php\/wp-json\/wp\/v2\/pages\/12276\/revisions"}],"predecessor-version":[{"id":17133,"href":"https:\/\/drammen.katolsk.no\/index.php\/wp-json\/wp\/v2\/pages\/12276\/revisions\/17133"}],"wp:attachment":[{"href":"https:\/\/drammen.katolsk.no\/index.php\/wp-json\/wp\/v2\/media?parent=12276"}],"curies":[{"name":"wp","href":"https:\/\/api.w.org\/{rel}","templated":true}]}}