{"id":1654,"date":"2017-07-12T14:42:00","date_gmt":"2017-07-12T12:42:00","guid":{"rendered":"http:\/\/drammen.katolsk.no\/WordPress\/?page_id=1654"},"modified":"2018-04-09T09:44:20","modified_gmt":"2018-04-09T07:44:20","slug":"utleie-av-menighetssal","status":"publish","type":"page","link":"https:\/\/drammen.katolsk.no\/index.php\/utleie-av-menighetssal\/","title":{"rendered":"Utleie av menighetssal"},"content":{"rendered":"<p class=\"auto-style2\"><span style=\"font-size: 12pt;\"><strong><span style=\"font-family: Arial;\">Sist oppdatert 01.12.2012<\/span><\/strong><\/span><\/p>\n<p class=\"bodytext\"><span style=\"font-family: Arial; font-size: 12pt;\">Henvendelse vedr. leie, leiekontrakt, avhenting av n\u00f8kler etc. til prestkontoret: pater Paulus Y.<\/span><\/p>\n<p><span style=\"font-size: 12pt;\">Leieprisen er <b> kr. 2.500,-<\/b> (prisen gjelder f.o.m 01.05.2011)<\/span><\/p>\n<p class=\"bodytext\"><span style=\"font-family: Arial; font-size: 12pt;\">Ansvarlig leietaker skal v\u00e6re over 24 \u00e5r, og ansvarlig for at bruksregler f\u00f8lges.<\/span><\/p>\n<p class=\"bodytext\"><span style=\"font-family: Arial; font-size: 12pt;\">Leieforholdet avsluttes senest kl.23.00.<\/span><\/p>\n<p><span style=\"font-family: Arial, Verdana; font-size: 12pt;\">Leietaker m\u00e5 selv st\u00e5 for rengj\u00f8ring av lokalet etter bruk. Dette gjelder :rydding og vask av salen, kj\u00f8kken, gang, garderobe og toiletter. Lokalen skal etter bruk v\u00e6re klargjort innen kl.12.00 dagen etter. Eventuelle skader p\u00e5 innventar, glass og servise meldes omg\u00e5ende til prestkontoret.<\/span><\/p>\n<p><span style=\"font-family: Arial, Verdana; font-size: 12pt;\">Registrerte medlemmer av menigheten er selvsagt gratis til menighetens aktivitet eller f\u00e5r en god pris til egne private arrangement.<\/span><\/p>\n<p>&nbsp;<\/p>\nngg_shortcode_0_placeholder\n<p>&nbsp;<\/p>\n<p style=\"text-align: center;\" align=\"center\">&nbsp;&nbsp;<span style=\"font-family: Arial, Verdana, Tahoma; font-size: medium;\"> <b> <a href=\"https:\/\/drammen.katolsk.no\/index.php\/bruk-av-menighetssal\/\" target=\"_blank\" rel=\"noopener\"> Bookingskalender for St.Laurentius menighetssal<\/a> <\/b> <\/span><\/p>\n<p>&nbsp;<\/p>\n","protected":false},"excerpt":{"rendered":"<p>Sist oppdatert 01.12.2012 Henvendelse vedr. leie, leiekontrakt, avhenting av n\u00f8kler etc. til prestkontoret: pater Paulus Y. Leieprisen er kr. 2.500,-<\/p>\n","protected":false},"author":2,"featured_media":0,"parent":0,"menu_order":0,"comment_status":"closed","ping_status":"closed","template":"","meta":{"colormag_page_container_layout":"default_layout","colormag_page_sidebar_layout":"default_layout","ngg_post_thumbnail":0,"footnotes":""},"class_list":["post-1654","page","type-page","status-publish","hentry"],"jetpack_sharing_enabled":true,"_links":{"self":[{"href":"https:\/\/drammen.katolsk.no\/index.php\/wp-json\/wp\/v2\/pages\/1654","targetHints":{"allow":["GET"]}}],"collection":[{"href":"https:\/\/drammen.katolsk.no\/index.php\/wp-json\/wp\/v2\/pages"}],"about":[{"href":"https:\/\/drammen.katolsk.no\/index.php\/wp-json\/wp\/v2\/types\/page"}],"author":[{"embeddable":true,"href":"https:\/\/drammen.katolsk.no\/index.php\/wp-json\/wp\/v2\/users\/2"}],"replies":[{"embeddable":true,"href":"https:\/\/drammen.katolsk.no\/index.php\/wp-json\/wp\/v2\/comments?post=1654"}],"version-history":[{"count":17,"href":"https:\/\/drammen.katolsk.no\/index.php\/wp-json\/wp\/v2\/pages\/1654\/revisions"}],"predecessor-version":[{"id":4085,"href":"https:\/\/drammen.katolsk.no\/index.php\/wp-json\/wp\/v2\/pages\/1654\/revisions\/4085"}],"wp:attachment":[{"href":"https:\/\/drammen.katolsk.no\/index.php\/wp-json\/wp\/v2\/media?parent=1654"}],"curies":[{"name":"wp","href":"https:\/\/api.w.org\/{rel}","templated":true}]}}