{"id":231,"date":"2017-01-04T22:05:41","date_gmt":"2017-01-04T21:05:41","guid":{"rendered":"http:\/\/drammen.katolsk.no\/WordPress\/?page_id=231"},"modified":"2025-09-29T21:13:35","modified_gmt":"2025-09-29T19:13:35","slug":"sogneprester","status":"publish","type":"page","link":"https:\/\/drammen.katolsk.no\/index.php\/sogneprester\/","title":{"rendered":"Sogneprester"},"content":{"rendered":"<p><span style=\"font-size: 14pt;\"><strong><span style=\"font-family: arial, helvetica, sans-serif;\">og tilsvarende<\/span><\/strong><\/span><\/p>\n<p><span style=\"font-family: arial, helvetica, sans-serif; font-size: 12pt;\">Den 6. januar 1899 kj\u00f8pte Det Apostoliske Vikariat et mindre trehus i Cappelens gate i Drammen som passende kunne innredes til prestebolig, etter at man allerede hadde sikret seg nabotomten og der p\u00e5begynt oppf\u00f8relsen av en kirke. Den lille kirkebygningen, som fikk navnet St. Laurentius kirke, ble oppf\u00f8rt etter omtrent de samme tegninger som kirkene i Fredrikstad og Stavanger, idet det her ogs\u00e5 var arkitekt Sverre som ledet bygget. Den 19. november 1899 fant den h\u00f8ytidelige vigsling sted ved biskop Fallize som samtidig innsatte pastor Heinrich W\u00fcller som stedets f\u00f8rste sogneprest.<\/span><\/p>\n<dl>\n<dt><span style=\"font-family: arial, helvetica, sans-serif; font-size: 12pt;\">1899-1903<\/span><\/dt>\n<dd><span style=\"font-size: 12pt; font-family: arial, helvetica, sans-serif;\"><a href=\"http:\/\/www.katolsk.no\/home\/hwuller.htm\" target=\"_blank\" rel=\"noopener\">p.Heinrich W\u00fcller<\/a><\/span><\/dd>\n<dt><span style=\"font-family: arial, helvetica, sans-serif; font-size: 12pt;\">1903-1907<\/span><\/dt>\n<dd><span style=\"font-size: 12pt; font-family: arial, helvetica, sans-serif;\"><a href=\"http:\/\/www.katolsk.no\/home\/jschulte.htm\" target=\"_blank\" rel=\"noopener\">p.Johannes Schulte<\/a><\/span><\/dd>\n<dt><span style=\"font-family: arial, helvetica, sans-serif; font-size: 12pt;\">1907-1908<\/span><\/dt>\n<dd><span style=\"font-size: 12pt; font-family: arial, helvetica, sans-serif;\"><a href=\"http:\/\/www.katolsk.no\/home\/freckten.htm\" target=\"_blank\" rel=\"noopener\">p.Franz Josef Recktenwald<\/a><\/span><\/dd>\n<dt><span style=\"font-family: arial, helvetica, sans-serif; font-size: 12pt;\">1908-1912<\/span><\/dt>\n<dd><span style=\"font-size: 12pt; font-family: arial, helvetica, sans-serif;\"><a href=\"http:\/\/www.katolsk.no\/home\/mswietli.htm\" target=\"_blank\" rel=\"noopener\">p.Marcellus Swietlik<\/a><\/span><\/dd>\n<dt><span style=\"font-family: arial, helvetica, sans-serif; font-size: 12pt;\">1912-1923<\/span><\/dt>\n<dd><span style=\"font-size: 12pt; font-family: arial, helvetica, sans-serif;\"><a href=\"http:\/\/www.katolsk.no\/home\/wmollenb.htm\" target=\"_blank\" rel=\"noopener\">p.Wenceslaus M\u00f6llenbeck<\/a><\/span><\/dd>\n<dt><span style=\"font-family: arial, helvetica, sans-serif; font-size: 12pt;\">1923-1929<\/span><\/dt>\n<dd><span style=\"font-size: 12pt; font-family: arial, helvetica, sans-serif;\"><a href=\"http:\/\/www.katolsk.no\/home\/adietric.htm\" target=\"_blank\" rel=\"noopener\">p.Andreas Alex Dietrich<\/a><\/span><\/dd>\n<dt><span style=\"font-family: arial, helvetica, sans-serif; font-size: 12pt;\">1929-1932<\/span><\/dt>\n<dd><span style=\"font-size: 12pt; font-family: arial, helvetica, sans-serif;\"><a href=\"http:\/\/www.katolsk.no\/home\/mswietli.htm\" target=\"_blank\" rel=\"noopener\">p.Marcellus Swietlik<\/a><\/span><\/dd>\n<dt><span style=\"font-family: arial, helvetica, sans-serif; font-size: 12pt;\">1932<\/span><\/dt>\n<dd><span style=\"font-size: 12pt; font-family: arial, helvetica, sans-serif;\"><a href=\"http:\/\/www.katolsk.no\/home\/ggorisse.htm\" target=\"_blank\" rel=\"noopener\">p.Gustav R.V. Gorissen<\/a><\/span><\/dd>\n<dt><span style=\"font-family: arial, helvetica, sans-serif; font-size: 12pt;\">1932-1937<\/span><\/dt>\n<dd><span style=\"font-size: 12pt; font-family: arial, helvetica, sans-serif;\"><a href=\"http:\/\/www.katolsk.no\/home\/arottier.htm\" target=\"_blank\" rel=\"noopener\">p.August Jean-Marie Rottier<\/a><\/span><\/dd>\n<dt><span style=\"font-family: arial, helvetica, sans-serif; font-size: 12pt;\">1937<\/span><\/dt>\n<dd><span style=\"font-family: arial, helvetica, sans-serif; font-size: 12pt;\"><a href=\"http:\/\/www.katolsk.no\/home\/gdepaepe.htm\" target=\"_blank\" rel=\"noopener\">p.Gustave de Paepe<\/a>, S.M.<\/span><\/dd>\n<dt><span style=\"font-family: arial, helvetica, sans-serif; font-size: 12pt;\">1937-1972<\/span><\/dt>\n<dd><span style=\"font-size: 12pt; font-family: arial, helvetica, sans-serif;\"><a href=\"http:\/\/www.katolsk.no\/home\/elaudy.htm\" target=\"_blank\" rel=\"noopener\">p.Eugene Laudy<\/a><\/span><\/dd>\n<dt><span style=\"font-family: arial, helvetica, sans-serif; font-size: 12pt;\">1972-1980<\/span><\/dt>\n<dd><span style=\"font-family: arial, helvetica, sans-serif; font-size: 12pt;\"><a href=\"http:\/\/www.katolsk.no\/home\/jsarosi.htm\" target=\"_blank\" rel=\"noopener\">p.Joseph Sarosi, S.J.<\/a><\/span><\/dd>\n<dt><span style=\"font-family: arial, helvetica, sans-serif; font-size: 12pt;\">1980-1982<\/span><\/dt>\n<dd><span style=\"font-family: arial, helvetica, sans-serif; font-size: 12pt;\"><a href=\"http:\/\/www.katolsk.no\/home\/afjeld.htm\" target=\"_blank\" rel=\"noopener\">p.Arne D. Fjeld<\/a>, O.P.<\/span><\/dd>\n<dt><span style=\"font-family: arial, helvetica, sans-serif; font-size: 12pt;\">1982-1986<\/span><\/dt>\n<dd><span style=\"font-size: 12pt; font-family: arial, helvetica, sans-serif;\"><a href=\"https:\/\/www.katolsk.no\/biografier\/innenriks\/mbeckers\" target=\"_blank\" rel=\"noopener\">p.Michel Beckers<\/a><\/span><\/dd>\n<dt><span style=\"font-family: arial, helvetica, sans-serif; font-size: 12pt;\">1986-1987<\/span><\/dt>\n<dd><span style=\"font-family: arial, helvetica, sans-serif; font-size: 12pt;\"><a href=\"http:\/\/www.katolsk.no\/home\/jsarosi.htm\" target=\"_blank\" rel=\"noopener\">p.Joseph Sarosi, S.J.<\/a><\/span><\/dd>\n<dt><span style=\"font-family: arial, helvetica, sans-serif; font-size: 12pt;\">1987-1988<\/span><\/dt>\n<dd><span style=\"font-family: arial, helvetica, sans-serif; font-size: 12pt;\"><a href=\"http:\/\/www.katolsk.no\/home\/omueller.htm\" target=\"_blank\" rel=\"noopener\">p.Olav M\u00fcller<\/a>, SS.CC.<\/span><\/dd>\n<dt><span style=\"font-family: arial, helvetica, sans-serif; font-size: 12pt;\">1988-1996<\/span><\/dt>\n<dd><span style=\"font-family: arial, helvetica, sans-serif; font-size: 12pt;\"><a href=\"http:\/\/www.katolsk.no\/home\/spapciak.htm\" target=\"_blank\" rel=\"noopener\">p.Stanislaw Papciak<\/a>, SS.CC.<\/span><\/dd>\n<dt><span style=\"font-family: arial, helvetica, sans-serif; font-size: 12pt;\">1996- 2012<\/span><\/dt>\n<dd><span style=\"font-family: arial, helvetica, sans-serif; font-size: 12pt;\"><a href=\"http:\/\/www.katolsk.no\/biografier\/innenriks\/jfura\" target=\"_blank\" rel=\"noopener\">p.Janusz Fura<\/a>, SS.CC.<\/span><\/dd>\n<dt><span style=\"font-family: arial, helvetica, sans-serif; font-size: 12pt;\">2012-2017<\/span><\/dt>\n<dd><span style=\"font-family: arial, helvetica, sans-serif; font-size: 12pt;\"><a href=\"http:\/\/www.katolsk.no\/biografier\/innenriks\/jhung\" target=\"_blank\" rel=\"noopener\">p.Johannes Vu Manh Hung<\/a><\/span><\/dd>\n<dt><span style=\"font-size: 12pt; font-family: arial, helvetica, sans-serif;\">2017- 2024<\/span><\/dt>\n<dd><span style=\"font-family: arial, helvetica, sans-serif; font-size: 12pt;\"><a href=\"http:\/\/www.katolsk.no\/biografier\/innenriks\/phuuy\" target=\"_blank\" rel=\"noopener\">p.Paulus Pham Huu Y<\/a><br \/>\n<strong>2024 &#8211;&nbsp;<\/strong><br \/>\n<a href=\"https:\/\/www.katolsk.no\/biografier\/innenriks\/ostamnestro\" target=\"_blank\" rel=\"noopener\">p.Ole Martin Stamnestr\u00f8<\/a><\/span><\/dd>\n<\/dl>\n<p>&nbsp;<\/p>\n<p class=\"hentesfra\"><span style=\"font-family: arial, helvetica, sans-serif; font-size: 12pt;\">kilde: <a href=\"http:\/\/www.katolsk.no\/\" target=\"_blank\" rel=\"noopener\">www.katolsk.no<\/a><\/span><\/p>\n","protected":false},"excerpt":{"rendered":"<p>og tilsvarende Den 6. januar 1899 kj\u00f8pte Det Apostoliske Vikariat et mindre trehus i Cappelens gate i Drammen som passende<\/p>\n","protected":false},"author":2,"featured_media":0,"parent":0,"menu_order":0,"comment_status":"closed","ping_status":"closed","template":"","meta":{"colormag_page_container_layout":"default_layout","colormag_page_sidebar_layout":"default_layout","ngg_post_thumbnail":0,"footnotes":""},"class_list":["post-231","page","type-page","status-publish","hentry"],"jetpack_sharing_enabled":true,"_links":{"self":[{"href":"https:\/\/drammen.katolsk.no\/index.php\/wp-json\/wp\/v2\/pages\/231","targetHints":{"allow":["GET"]}}],"collection":[{"href":"https:\/\/drammen.katolsk.no\/index.php\/wp-json\/wp\/v2\/pages"}],"about":[{"href":"https:\/\/drammen.katolsk.no\/index.php\/wp-json\/wp\/v2\/types\/page"}],"author":[{"embeddable":true,"href":"https:\/\/drammen.katolsk.no\/index.php\/wp-json\/wp\/v2\/users\/2"}],"replies":[{"embeddable":true,"href":"https:\/\/drammen.katolsk.no\/index.php\/wp-json\/wp\/v2\/comments?post=231"}],"version-history":[{"count":11,"href":"https:\/\/drammen.katolsk.no\/index.php\/wp-json\/wp\/v2\/pages\/231\/revisions"}],"predecessor-version":[{"id":17431,"href":"https:\/\/drammen.katolsk.no\/index.php\/wp-json\/wp\/v2\/pages\/231\/revisions\/17431"}],"wp:attachment":[{"href":"https:\/\/drammen.katolsk.no\/index.php\/wp-json\/wp\/v2\/media?parent=231"}],"curies":[{"name":"wp","href":"https:\/\/api.w.org\/{rel}","templated":true}]}}