{"id":329,"date":"2017-01-09T21:28:27","date_gmt":"2017-01-09T20:28:27","guid":{"rendered":"http:\/\/drammen.katolsk.no\/WordPress\/?page_id=329"},"modified":"2022-03-13T08:54:21","modified_gmt":"2022-03-13T07:54:21","slug":"bibliotek","status":"publish","type":"page","link":"https:\/\/drammen.katolsk.no\/index.php\/bibliotek\/","title":{"rendered":"Bibliotek"},"content":{"rendered":"<p class=\"bodytext\"><b><span style=\"color: #800000; font-family: Arial; font-size: large;\">Menighetens bibliotek for katolsk litteratur<\/span><\/b><br \/>\n<span style=\"font-size: 12pt;\"><span style=\"font-family: Arial, Verdana;\"><br \/>\n<\/span><\/span><span style=\"font-family: Arial, Verdana;\"><span style=\"font-size: 12pt;\"><a href=\"https:\/\/drammen.katolsk.no\/WordPress\/wp-content\/uploads\/2022\/03\/inventarliste_220312.pdf\">Her finner du en liste<\/a>\u00a0over\u00a0<\/span><\/span><span style=\"font-size: 12pt;\">b\u00f8kene som st\u00e5r tilgjengelige for utl\u00e5n i kirkens bibliotek.\u00a0 Merk at de fleste titlene har link til nettsteder der man kan kikke i boka og lese kommentarer.\u00a0 De sist innkj\u00f8pte b\u00f8kene er nederst p\u00e5 listen.\u00a0 Listen er oppdatert 12.03.2022.<\/span><\/p>\n<p><span style=\"font-size: 14pt;\"><br \/>\nRegler for l\u00e5n av b\u00f8ker<br \/>\n<\/span><span style=\"font-size: 12pt;\">Biblioteket er selvbetjent, og menighetens medlemmer kan l\u00e5ne<\/span><br \/>\n<span style=\"font-size: 12pt;\">b\u00f8ker i henhold til f\u00f8lgende prosedyre:<\/span><\/p>\n<p><span style=\"font-size: 12pt;\">1) Finn b\u00f8ker i hyllene.<\/span><br \/>\n<span style=\"font-size: 12pt;\">2) Registrer i protokoll.*<\/span><br \/>\n<span style=\"font-size: 12pt;\">3) Ta med b\u00f8kene hjem.<\/span><br \/>\n<span style=\"font-size: 12pt;\">4) Lever b\u00f8kene tilbake innen 6 uker.**<\/span><br \/>\n<span style=\"font-size: 12pt;\">5) Sjekk b\u00f8kene ut fra protokoll.<br \/>\n<\/span><br \/>\n<span style=\"font-size: 10pt;\">* Registrer kun \u00e9n bok pr linje. ISBN-nummer finnes p\u00e5 bokens bakside eller en av de f\u00f8rste sidene.<\/span><br \/>\n<span style=\"font-size: 10pt;\">** Innleverte b\u00f8ker skal settes der de ble hentet eller eventuelt legges p\u00e5 nederste hylle. Fornyelse av l\u00e5n\u00a0<\/span><span style=\"font-size: 10pt;\">kan gj\u00f8res ved \u00e5 registrere boken p\u00e5 nytt.<\/span><\/p>\n<p class=\"bodytext\"><span style=\"font-family: Arial, Verdana;\"><span style=\"font-size: 14pt;\"><br \/>\nVisjonen med biblioteket<\/span><br \/>\n<\/span><span style=\"font-family: Arial; font-size: 12pt;\">Menighetens bibliotek ble opprettet som et resultat av at pave Benedikt XVI utropte \u201c<a href=\"http:\/\/troensar.katolsk.no\/?page_id=19\" target=\"_blank\" rel=\"noopener noreferrer\">troens \u00e5r<\/a>\u201d 2012\/2013, da han blant annet sa:<\/span><\/p>\n<p style=\"padding-left: 30px;\"><span style=\"font-size: 12pt;\"><i>\u00abKirken som et hele, og alle hennes hyrder, m\u00e5 i likhet med Kristus gi seg i vei med \u00e5 lede folk ut av \u00f8rkenen mot livets sted, mot vennskap med Guds S\u00f8nn, mot den ene som gir oss liv og liv i overflod &#8230; mens det tidligere var mulig \u00e5 anerkjenne et enhetlig kulturelt opphav, med bred aksept for dets henvisning til troens innhold og de verdier troen inspirerer til, ser dette i dag ikke lenger ut til \u00e5 v\u00e6re tilfelle i store deler av samfunnet. \u00c5rsaken er en dyp troskrise som har p\u00e5virket mange mennesker &#8230; \u00e5 gjenoppdage innholdet i den troen som bekjennes, feires, leves og bes, og \u00e5 reflektere over troshandlingen, er en oppgave enhver troende m\u00e5 gj\u00f8re til sin egen, s\u00e6rlig i l\u00f8pet av dette \u00e5ret.\u00bb <\/i><\/span><\/p>\n<p><span style=\"font-size: 12pt;\">Derfor er biblioteket preget av litteratur som lar oss gjenoppdage troen og som inviterer til b\u00f8nn og refleksjon \u2013 for enhver troende. Alle titlene har en eller annen tilknytning til katolsk tro, s\u00e5 de aller fleste b\u00f8kene er slike man ikke finner p\u00e5 norske biblioteker eller butikker og som heller ikke kan skaffes fra norske forlag.<\/span><\/p>\n<p><span style=\"font-size: 12pt;\">Noen av kategoriene er: <i>kirkens l\u00e6re, trosforsvar, kirkefedrene, kirkehistorie, teologi, helgener, \u00e5penbaringer\/\u00e5ndelighet, filosofi, messe\/liturgi, b\u00f8nn\/meditasjon, familie\/barn.<\/i><\/span><\/p>\n<p>&nbsp;<\/p>\n","protected":false},"excerpt":{"rendered":"<p>Menighetens bibliotek for katolsk litteratur Her finner du en liste\u00a0over\u00a0b\u00f8kene som st\u00e5r tilgjengelige for utl\u00e5n i kirkens bibliotek.\u00a0 Merk at<\/p>\n","protected":false},"author":2,"featured_media":0,"parent":0,"menu_order":0,"comment_status":"closed","ping_status":"closed","template":"","meta":{"colormag_page_container_layout":"default_layout","colormag_page_sidebar_layout":"default_layout","ngg_post_thumbnail":0,"footnotes":""},"class_list":["post-329","page","type-page","status-publish","hentry"],"jetpack_sharing_enabled":true,"_links":{"self":[{"href":"https:\/\/drammen.katolsk.no\/index.php\/wp-json\/wp\/v2\/pages\/329","targetHints":{"allow":["GET"]}}],"collection":[{"href":"https:\/\/drammen.katolsk.no\/index.php\/wp-json\/wp\/v2\/pages"}],"about":[{"href":"https:\/\/drammen.katolsk.no\/index.php\/wp-json\/wp\/v2\/types\/page"}],"author":[{"embeddable":true,"href":"https:\/\/drammen.katolsk.no\/index.php\/wp-json\/wp\/v2\/users\/2"}],"replies":[{"embeddable":true,"href":"https:\/\/drammen.katolsk.no\/index.php\/wp-json\/wp\/v2\/comments?post=329"}],"version-history":[{"count":18,"href":"https:\/\/drammen.katolsk.no\/index.php\/wp-json\/wp\/v2\/pages\/329\/revisions"}],"predecessor-version":[{"id":11832,"href":"https:\/\/drammen.katolsk.no\/index.php\/wp-json\/wp\/v2\/pages\/329\/revisions\/11832"}],"wp:attachment":[{"href":"https:\/\/drammen.katolsk.no\/index.php\/wp-json\/wp\/v2\/media?parent=329"}],"curies":[{"name":"wp","href":"https:\/\/api.w.org\/{rel}","templated":true}]}}