{"id":54,"date":"2016-12-31T16:20:16","date_gmt":"2016-12-31T15:20:16","guid":{"rendered":"http:\/\/drammen.katolsk.no\/WordPress\/?page_id=54"},"modified":"2025-10-20T23:24:47","modified_gmt":"2025-10-20T21:24:47","slug":"messer-i-drammen","status":"publish","type":"page","link":"https:\/\/drammen.katolsk.no\/index.php\/messer-i-drammen\/","title":{"rendered":"Messer i Drammen"},"content":{"rendered":"<p><span style=\"font-size: 12pt;\"><a href=\"http:\/\/www.katolsk.no\/praksis\/kirkearet\/2025\" target=\"_blank\" rel=\"noopener noreferrer\"><span style=\"color: #4a9500;\"><strong>Liturgisk kalender 2025 (C)<\/strong><\/span><\/a><\/span><br \/>\n<span style=\"font-size: 12pt;\"><a href=\"https:\/\/www.katolsk.no\/organisasjon\/messetider-i-norge\" target=\"_blank\" rel=\"noopener noreferrer\"><span style=\"color: #4a9500;\"><strong>Landsomfattende oversikt over messesteder og -tider (Mass times in Norway)<\/strong><\/span><\/a><\/span><\/p>\n<hr>\n<p><span style=\"color: #950000; font-size: 12pt;\"><strong>Ukedager\/weekdays<\/strong><\/span><br \/>\n<span style=\"font-size: 12pt;\">Mandag &#8211; fredag \/Mondag &#8211; Friday<\/span><br \/>\n<span style=\"font-size: 12pt;\">kl.18.00 Messe p\u00e5 norsk \/&nbsp;6:00 pm Mass in Norwegian<\/span><\/p>\n<p><span style=\"color: #950000; font-size: 12pt;\"><strong>Torsdag\/Thursday<\/strong><\/span><br \/>\n<span style=\"font-size: 12pt;\">kl.18.00 Messe p\u00e5 latin \/ 6:00 pm Mass in Latin<\/span><br \/>\n<span style=\"font-size: 12pt;\">kl.18.30 Sakramentstilbedelse p\u00e5 latin \/ 6:30 pm Adoration of Sacrament in Latin<\/span><\/p>\n<p><span style=\"color: #950000; font-size: 12pt;\"><strong>Fredag\/Friday<\/strong><\/span><br \/>\n<span style=\"font-size: 12pt;\">I fastetid:korsveiandakt f\u00f8r messe kl.18.00 \/&nbsp;In Lent: Via Crucis before Mass 6:00 pm<\/span><br \/>\n<span style=\"font-size: 12pt;\">I mai og oktober: rosenkransb\u00f8nn f\u00f8r messe \/&nbsp;In May and October: Rosary Prayer befor the Mass<\/span><\/p>\n<p><span style=\"color: #950000; font-size: 12pt;\"><strong>L\u00f8rdag\/Saturday<\/strong><\/span><br \/>\n<span style=\"font-size: 12pt;\">kl.13.00 Messe p\u00e5 norsk \/ 1:00 pm Mass in Norwegian<br \/>\n<a href=\"https:\/\/parafiadrammen.com\/\" target=\"_blank\" rel=\"noopener\">Messe p\u00e5 polsk\/Mass in Polish<\/a><\/span><\/p>\n<p><span style=\"color: #950000; font-size: 12pt;\"><strong>S\u00f8ndag\/Sunday<\/strong><\/span><br \/>\n<span style=\"font-size: 12pt;\">kl.09.00 og kl.16.00 Messe p\u00e5 polsk \/ 9:00 am and 4:00 pm Mass in Polish<\/span><br \/>\n<span style=\"font-size: 12pt;\">kl.11.00 H\u00f8ymesse p\u00e5 norsk \/&nbsp;11:00 am Holy Mass in Norwegian<\/span><\/p>\n<hr>\n<p><span style=\"color: #000095; font-size: 12pt;\"><strong>Messe p\u00e5 filippinsk\/engelsk<\/strong><\/span><br \/>\n<span style=\"font-size: 12pt;\">&#8211; F\u00f8rste l\u00f8rdag i m\u00e5ned kl.16.00<\/span><\/p>\n<p><span style=\"color: #000095; font-size: 12pt;\"><strong>Messe p\u00e5 litauisk<\/strong><\/span><br \/>\n<span style=\"font-size: 12pt;\">&#8211; Andre s\u00f8ndag i m\u00e5ned kl.18.00<\/span><br \/>\n<span style=\"font-size: 12pt;\">Prest:&nbsp;<\/span><\/p>\n<p><span style=\"font-size: 12pt;\"><strong><span style=\"color: #000095;\">Messe p\u00e5 norsk<\/span><\/strong><\/span><br \/>\n<span style=\"font-size: 12pt;\">Fra mandag til fredag kl.18.00<\/span><br \/>\n<span style=\"font-size: 12pt;\">L\u00f8rdag kl.13.00<\/span><br \/>\n<span style=\"font-size: 12pt;\">S\u00f8ndag kl.11.00<\/span><\/p>\n<p><span style=\"color: #000095; font-size: 12pt;\"><strong>Messe p\u00e5 polsk<\/strong><\/span><br \/>\n<span style=\"font-size: 12pt;\">Fredag kl.20.00 (f\u00f8rste fredag i m\u00e5neden unntatt juli og august)&nbsp;<\/span><br \/>\n<span style=\"font-size: 12pt;\">L\u00f8rdag kl.19.00 (andre og fjerde i m\u00e5neden unntatt juli og august)<\/span><br \/>\n<span style=\"font-size: 12pt;\">S\u00f8ndag kl.09.00 (unntatt juli og august) og kl.16.00<\/span><\/p>\n<p><span style=\"color: #000095; font-size: 12pt;\"><strong>Messe p\u00e5 spansk<\/strong><\/span><br \/>\n<span style=\"font-size: 12pt;\">&#8211; Det blir ikke noe fast dato. Vennligst f\u00f8lg menighetens ukekalender.<\/span><\/p>\n<p><span style=\"color: #000095; font-size: 12pt;\"><strong>Messe p\u00e5 vietnamesisk<\/strong><\/span><br \/>\n<span style=\"font-size: 12pt;\">&#8211; F\u00f8rste s\u00f8ndag i m\u00e5ned kl.13.00<\/span><\/p>\n<hr>\n<p><span style=\"font-size: 12pt;\"><img loading=\"lazy\" decoding=\"async\" class=\"wp-image-2013 alignleft\" src=\"https:\/\/drammen.katolsk.no\/WordPress\/wp-content\/uploads\/2016\/12\/confession-clipart-2small.jpg\" alt=\"\" width=\"90\" height=\"76\"><span style=\"color: #000095;\">Presten er alltid tilgjengelig for skriftem\u00e5l (botens sakrament) f\u00f8r og etter messene eller etter avtale.<\/span><\/span><\/p>\n<p><span style=\"font-size: 12pt;\"><em><span style=\"color: #000095;\">Priest is always available for confession before and after the Holy Masses, or by appointment.<\/span><\/em><\/span><\/p>\n","protected":false},"excerpt":{"rendered":"<p>Liturgisk kalender 2025 (C) Landsomfattende oversikt over messesteder og -tider (Mass times in Norway) Ukedager\/weekdays Mandag &#8211; fredag \/Mondag &#8211;<\/p>\n","protected":false},"author":2,"featured_media":0,"parent":0,"menu_order":0,"comment_status":"closed","ping_status":"closed","template":"","meta":{"colormag_page_container_layout":"default_layout","colormag_page_sidebar_layout":"default_layout","ngg_post_thumbnail":0,"footnotes":""},"class_list":["post-54","page","type-page","status-publish","hentry"],"jetpack_sharing_enabled":true,"_links":{"self":[{"href":"https:\/\/drammen.katolsk.no\/index.php\/wp-json\/wp\/v2\/pages\/54","targetHints":{"allow":["GET"]}}],"collection":[{"href":"https:\/\/drammen.katolsk.no\/index.php\/wp-json\/wp\/v2\/pages"}],"about":[{"href":"https:\/\/drammen.katolsk.no\/index.php\/wp-json\/wp\/v2\/types\/page"}],"author":[{"embeddable":true,"href":"https:\/\/drammen.katolsk.no\/index.php\/wp-json\/wp\/v2\/users\/2"}],"replies":[{"embeddable":true,"href":"https:\/\/drammen.katolsk.no\/index.php\/wp-json\/wp\/v2\/comments?post=54"}],"version-history":[{"count":77,"href":"https:\/\/drammen.katolsk.no\/index.php\/wp-json\/wp\/v2\/pages\/54\/revisions"}],"predecessor-version":[{"id":17637,"href":"https:\/\/drammen.katolsk.no\/index.php\/wp-json\/wp\/v2\/pages\/54\/revisions\/17637"}],"wp:attachment":[{"href":"https:\/\/drammen.katolsk.no\/index.php\/wp-json\/wp\/v2\/media?parent=54"}],"curies":[{"name":"wp","href":"https:\/\/api.w.org\/{rel}","templated":true}]}}