{"id":8702,"date":"2020-04-02T17:00:28","date_gmt":"2020-04-02T15:00:28","guid":{"rendered":"http:\/\/drammen.katolsk.no\/?page_id=8702"},"modified":"2020-04-09T08:30:57","modified_gmt":"2020-04-09T06:30:57","slug":"doc-kinh-thanh-voi-lm-paulus-y","status":"publish","type":"page","link":"https:\/\/drammen.katolsk.no\/index.php\/doc-kinh-thanh-voi-lm-paulus-y\/","title":{"rendered":"\u0110\u1ecdc Kinh Th\u00e1nh v\u1edbi Lm Paulus \u00dd"},"content":{"rendered":"<p>01.04.2020<br \/>\n<a href=\"https:\/\/www.youtube.com\/watch?v=Bcs979pXeWw&amp;feature=share&amp;fbclid=IwAR2omXv0MJGojXwV59WcUcWONU8_jLw2nxL57a1S9HQNcuLcTicGvU5XBds\" target=\"_blank\" rel=\"noopener noreferrer\">S\u00e1ch \u00d4ng Gi\u00f3p I&nbsp;<\/a><\/p>\n<p>03.04.2020<br \/>\n<a href=\"https:\/\/www.youtube.com\/watch?v=sCnMj-APW80\" target=\"_blank\" rel=\"noopener noreferrer\">S\u00e1ch \u00d4ng Gi\u00f3p II&nbsp;<\/a><\/p>\n<p>7.04.2020&nbsp;<br \/>\n<a href=\"https:\/\/www.youtube.com\/watch?v=Ix4MStKt2Yg&amp;feature=youtu.be\" target=\"_blank\" rel=\"noopener noreferrer\">S\u00e1ch \u00d4ng Gi\u00f3p III<\/a><\/p>\n<p>09.04.2020<br \/>\n<a href=\"https:\/\/www.youtube.com\/watch?v=KPxsu0NCjYQ&amp;feature=share&amp;fbclid=IwAR3dPBPX7qan6D_r22QUtDRzB1Yu0oTLSIlL-c-hC4mXyFZ0aw1aLddogXw\" target=\"_blank\" rel=\"noopener noreferrer\">S\u00e1ch \u00d4ng Gi\u00f3p IV<\/a><\/p>\n","protected":false},"excerpt":{"rendered":"<p>01.04.2020 S\u00e1ch \u00d4ng Gi\u00f3p I&nbsp; 03.04.2020 S\u00e1ch \u00d4ng Gi\u00f3p II&nbsp; 7.04.2020&nbsp; S\u00e1ch \u00d4ng Gi\u00f3p III 09.04.2020 S\u00e1ch \u00d4ng Gi\u00f3p IV<\/p>\n","protected":false},"author":2,"featured_media":0,"parent":0,"menu_order":0,"comment_status":"closed","ping_status":"closed","template":"","meta":{"colormag_page_container_layout":"default_layout","colormag_page_sidebar_layout":"default_layout","ngg_post_thumbnail":0,"footnotes":""},"class_list":["post-8702","page","type-page","status-publish","hentry"],"jetpack_sharing_enabled":true,"_links":{"self":[{"href":"https:\/\/drammen.katolsk.no\/index.php\/wp-json\/wp\/v2\/pages\/8702","targetHints":{"allow":["GET"]}}],"collection":[{"href":"https:\/\/drammen.katolsk.no\/index.php\/wp-json\/wp\/v2\/pages"}],"about":[{"href":"https:\/\/drammen.katolsk.no\/index.php\/wp-json\/wp\/v2\/types\/page"}],"author":[{"embeddable":true,"href":"https:\/\/drammen.katolsk.no\/index.php\/wp-json\/wp\/v2\/users\/2"}],"replies":[{"embeddable":true,"href":"https:\/\/drammen.katolsk.no\/index.php\/wp-json\/wp\/v2\/comments?post=8702"}],"version-history":[{"count":5,"href":"https:\/\/drammen.katolsk.no\/index.php\/wp-json\/wp\/v2\/pages\/8702\/revisions"}],"predecessor-version":[{"id":8740,"href":"https:\/\/drammen.katolsk.no\/index.php\/wp-json\/wp\/v2\/pages\/8702\/revisions\/8740"}],"wp:attachment":[{"href":"https:\/\/drammen.katolsk.no\/index.php\/wp-json\/wp\/v2\/media?parent=8702"}],"curies":[{"name":"wp","href":"https:\/\/api.w.org\/{rel}","templated":true}]}}