{"id":92,"date":"2016-12-31T19:39:37","date_gmt":"2016-12-31T18:39:37","guid":{"rendered":"http:\/\/drammen.katolsk.no\/WordPress\/?page_id=92"},"modified":"2025-02-26T10:28:24","modified_gmt":"2025-02-26T09:28:24","slug":"menighetsblad-2","status":"publish","type":"page","link":"https:\/\/drammen.katolsk.no\/index.php\/menighetsblad-2\/","title":{"rendered":"Menighetsblad"},"content":{"rendered":"<p><span style=\"color: #000080; font-family: Arial, Helvetica, Verdana; font-size: 12pt;\"><b>Menighetsblad St.Laurentius &#8211; Budstikke<\/b><\/span><\/p>\n<p><span style=\"font-family: Arial, Helvetica, Verdana; font-size: 12pt;\">Menighetsbladet St.Laurentius Budstikke utkommer to ganger i \u00e5ret og er ment som et informasjonsblad som sendes til alle registrerte husstander i menigheten. I de siste \u00e5r har antall medlemmer \u00f8kt betraktelig og dermed \u00f8kes ogs\u00e5 antall trykte blader og kostnader. Dessverre har mange av bladene kommet p\u00e5 retur til menighetskontoret p\u00e5 grunn av feil adresser, ingen mottaker p\u00e5 den gamle adressen uten p\u00e5f\u00f8rt ny adresse osv.<br \/>\nDette har kostet menigheten un\u00f8dvendig mye penger. Derfor ber redaksjonen inderlig om at menighets medlemmer melder fra til prestekontoret om de fortsatt vil motta menighetsblad i papirutgave (kun for de som melder fra til prestekontoret f\u00e5r det). Heretter blir det kun elektronisk utgave.<\/span><\/p>\n<p><span style=\"font-family: Arial, Helvetica, Verdana; font-size: 12pt;\"><i>Redaksjonen best\u00e5r av:<\/i> Mang Van Le, Tuan Ba Mai og Trond Aaring<br \/>\n<i>Ansvarlig redakt\u00f8r:<\/i>&nbsp;<br \/>\n<i>Det ville v\u00e6re fint om du ogs\u00e5 ville bidra med innlegg.<\/i><\/span><\/p>\n<p><span style=\"font-family: Arial; font-size: 12pt;\"> <a href=\"\/budstikke\/2017\/St_Laurentius_Budstikke_1-2017-1.pdf\" target=\"_blank\" rel=\"noopener\">Budstikke nr.1 &#8211; 2017 i pdf kan lastest ned her<\/a><\/span><\/p>\n<p><span style=\"font-size: 12pt;\">Ved <b> flytting<\/b> v\u00e6r vennlig \u00e5 p\u00e5f\u00f8re ny adresse og returner til:<\/span><\/p>\n<p><span style=\"color: #000080; font-family: Arial, Helvetica, Verdana; font-size: 12pt;\"> &nbsp;&nbsp;&nbsp;&nbsp; &nbsp;&nbsp; Den Katolsk Menighet (evt. St.Laurentius katolske menighet)<br \/>\n&nbsp;&nbsp;&nbsp;&nbsp;&nbsp;&nbsp;&nbsp; Cappelensgt. 1<br \/>\n&nbsp;&nbsp;&nbsp;&nbsp;&nbsp;&nbsp;&nbsp; 3016 Drammen<\/span><\/p>\n<p><span style=\"font-size: 12pt;\">Arkiv nummer:<\/span><\/p>\n<p><span class=\"auto-style1\" style=\"font-size: 12pt;\"><span style=\"font-family: arial, verdana;\"><b>Budstikke 2- 2015: <a href=\"\/budstikke\/2015\/St_Laurentius_Budstikke_2-2015.pdf\" target=\"_blank\" rel=\"noopener\">Du kan laste ned siste nummeret av budstikke.<\/a><br \/>\nBudstikke 1- 2015: <a href=\"\/budstikke\/2015\/St_Laurentius_Budstikke_1-2015-1.pdf\" target=\"_blank\" rel=\"noopener\">Du kan laste ned siste nummeret av budstikke.<\/a><br \/>\nBudstikke 2- 2014: <a href=\"\/budstikke\/2014\/St_Laurentius_Budstikke_2-2014.pdf\" target=\"_blank\" rel=\"noopener\">Du kan laste ned siste nummeret av budstikke.<\/a><br \/>\nBudstikke 1- 2014:<\/b> <a href=\"\/budstikke\/2014\/St_Laurentius_Budstikke_1-2014.pdf\" target=\"_blank\" rel=\"noopener\">Du kan laste ned siste nummeret av budstikke<b>.<\/b><\/a><b><br \/>\nBudstikke 2- 2013:<\/b> Du kan laste ned budstikke her:&nbsp; <\/span><span style=\"color: #ff0000; font-family: arial, verdana;\"> <a href=\"\/budstikke\/2013\/St_Laurentius_Budstikke_2-2013.pdf\" target=\"_blank\" rel=\"noopener\"> lav<\/a><\/span><span style=\"font-family: arial, verdana;\"> eller <\/span><span style=\"color: #ff0000; font-family: arial, verdana;\"> <a href=\"\/budstikke\/2013\/St_Laurentius_Budstikke_2-2013_h.pdf\" target=\"_blank\" rel=\"noopener\">h\u00f8y<\/a><\/span><span style=\"font-family: arial, verdana;\"> kvalitet<\/span><\/span><\/p>\n<p>&nbsp;<\/p>\n","protected":false},"excerpt":{"rendered":"<p>Menighetsblad St.Laurentius &#8211; Budstikke Menighetsbladet St.Laurentius Budstikke utkommer to ganger i \u00e5ret og er ment som et informasjonsblad som sendes<\/p>\n","protected":false},"author":2,"featured_media":0,"parent":0,"menu_order":0,"comment_status":"closed","ping_status":"closed","template":"","meta":{"colormag_page_container_layout":"default_layout","colormag_page_sidebar_layout":"default_layout","ngg_post_thumbnail":0,"footnotes":""},"class_list":["post-92","page","type-page","status-publish","hentry"],"jetpack_sharing_enabled":true,"_links":{"self":[{"href":"https:\/\/drammen.katolsk.no\/index.php\/wp-json\/wp\/v2\/pages\/92","targetHints":{"allow":["GET"]}}],"collection":[{"href":"https:\/\/drammen.katolsk.no\/index.php\/wp-json\/wp\/v2\/pages"}],"about":[{"href":"https:\/\/drammen.katolsk.no\/index.php\/wp-json\/wp\/v2\/types\/page"}],"author":[{"embeddable":true,"href":"https:\/\/drammen.katolsk.no\/index.php\/wp-json\/wp\/v2\/users\/2"}],"replies":[{"embeddable":true,"href":"https:\/\/drammen.katolsk.no\/index.php\/wp-json\/wp\/v2\/comments?post=92"}],"version-history":[{"count":6,"href":"https:\/\/drammen.katolsk.no\/index.php\/wp-json\/wp\/v2\/pages\/92\/revisions"}],"predecessor-version":[{"id":16532,"href":"https:\/\/drammen.katolsk.no\/index.php\/wp-json\/wp\/v2\/pages\/92\/revisions\/16532"}],"wp:attachment":[{"href":"https:\/\/drammen.katolsk.no\/index.php\/wp-json\/wp\/v2\/media?parent=92"}],"curies":[{"name":"wp","href":"https:\/\/api.w.org\/{rel}","templated":true}]}}