{"id":9513,"date":"2020-10-18T21:51:13","date_gmt":"2020-10-18T19:51:13","guid":{"rendered":"http:\/\/drammen.katolsk.no\/?page_id=9513"},"modified":"2020-10-23T12:08:50","modified_gmt":"2020-10-23T10:08:50","slug":"laudato-si-trong-tam-thuc-ton-giao-viet","status":"publish","type":"page","link":"https:\/\/drammen.katolsk.no\/index.php\/laudato-si-trong-tam-thuc-ton-giao-viet\/","title":{"rendered":"Laudato Si\u2019 trong t\u00e2m th\u1ee9c t\u00f4n gi\u00e1o Vi\u1ec7t"},"content":{"rendered":"<p><img loading=\"lazy\" decoding=\"async\" class=\"alignnone wp-image-9514 size-full\" src=\"https:\/\/drammen.katolsk.no\/WordPress\/wp-content\/uploads\/2020\/10\/Pope_1.jpg\" alt=\"\" width=\"1200\" height=\"552\" data-id=\"9514\"><\/p>\n<p style=\"text-align: center;\"><strong><span style=\"font-size: 24pt;\"><span style=\"color: #6d6d6d;\">Thi\u00ean Th\u1eddi \u0110\u1ecba L\u1ee3i Nh\u00e2n Ho\u00e0 <\/span>&nbsp;&nbsp;<\/span><\/strong><\/p>\n<hr>\n<p style=\"text-align: center;\"><strong><span style=\"font-size: 18pt;\">Laudato Si\u2019 Nh\u01b0 Linh \u0110\u1ea1o Sinh Th\u00e1i<\/span><\/strong><\/p>\n<p>&nbsp;<\/p>\n<p style=\"text-align: right;\"><em>Lm. Paulus \u00dd<\/em><\/p>\n<p><span style=\"font-size: 12pt;\">C\u00f3 l\u1ebd ng\u00e0y 24 th\u00e1ng 5 n\u0103m 2015, khi \u0111\u1eb7t b\u00fat k\u00fd ban h\u00e0nh th\u00f4ng \u0111i\u1ec7p Laudato Si\u2019, \u0110\u1ee9c Th\u00e1nh Cha Phanxic\u00f4 \u0111\u00e3 kh\u00f4ng th\u1ec3 m\u01b0\u1eddng t\u01b0\u1ee3ng ra quang c\u1ea3nh tr\u1ed1ng v\u1eafng kh\u00f4ng m\u1ed9t b\u00f3ng ng\u01b0\u1eddi c\u1ee7a qu\u1ea3ng tr\u01b0\u1eddng Th\u00e1nh Ph\u00ear\u00f4 m\u00f9a Ph\u1ee5c Sinh n\u0103m 2020. Th\u1eadt s\u1ef1 m\u1ed9t c\u01a1n \u0111\u1ea1i d\u1ecbch \u0111\u00e3 b\u1ea5t ng\u1edd \u1eadp \u0111\u1ebfn tr\u00ean to\u00e0n th\u1ebf gi\u1edbi v\u00e0 c\u00f2n \u0111ang ti\u1ebfp t\u1ee5c \u0111e do\u1ea1 s\u1ef1 t\u1ed3n vong c\u1ee7a nh\u00e2n lo\u1ea1i tr\u00ean kh\u1eafp n\u0103m l\u1ee5c \u0111\u1ecba. \u0110\u1ecdc l\u1ea1i th\u00f4ng \u0111i\u1ec7p Laudato Si\u2019 trong b\u1ed1i c\u1ea3nh nh\u00e2n lo\u1ea1i \u0111ang ph\u1ea3i chi\u1ebfn \u0111\u1ea5u \u0111\u1ec3 s\u1ed1ng c\u00f2n v\u1edbi m\u1ed9t lo\u1ea1i vi khu\u1ea9n ch\u1ebft ng\u01b0\u1eddi \u0111\u01b0\u1ee3c xem l\u00e0 xu\u1ea5t ph\u00e1t v\u00e0 bi\u1ebfn th\u1ec3 trong thi\u00ean nhi\u00ean, ch\u00fang ta kh\u00e1m ph\u00e1 ra gi\u00e1 tr\u1ecb ti\u00ean tri v\u00e0 hi\u1ec7n th\u1ef1c c\u1ee7a th\u00f4ng \u0111i\u1ec7p v\u1ec1 m\u00f4i tr\u01b0\u1eddng s\u1ed1ng m\u00e0 con ng\u01b0\u1eddi \u0111\u00e3 l\u00e3nh nh\u1eadn &nbsp;nh\u01b0 qu\u00e0 t\u1eb7ng t\u1eeb Thi\u00ean Ch\u00faa.<\/span><\/p>\n<p><a href=\"https:\/\/drammen.katolsk.no\/WordPress\/wp-content\/uploads\/2020\/10\/Laudato-Si-trong-ta\u0302m-thu\u031b\u0301c-to\u0302n-gia\u0301o-Vie\u0323\u0302t.pdf\" target=\"_blank\" rel=\"noopener noreferrer\">xem ti\u1ebfp&nbsp;(d\u1ea1ng pdf)<\/a><\/p>\n<p><a href=\"https:\/\/hdgmvietnam.com\/chi-tiet\/thien-thoi-dia-loi-nhan-hoa-laudato-si-nhu-linh-dao-sinh-thai-40813\" target=\"_blank\" rel=\"noopener noreferrer\">Nguy\u00ean b\u00e0i \u1edf m\u1ea1ng li\u00ean k\u1ebft H\u0110GMVN<\/a><\/p>\n","protected":false},"excerpt":{"rendered":"<p>Thi\u00ean Th\u1eddi \u0110\u1ecba L\u1ee3i Nh\u00e2n Ho\u00e0 &nbsp;&nbsp; Laudato Si\u2019 Nh\u01b0 Linh \u0110\u1ea1o Sinh Th\u00e1i &nbsp; Lm. Paulus \u00dd C\u00f3 l\u1ebd<\/p>\n","protected":false},"author":2,"featured_media":0,"parent":0,"menu_order":0,"comment_status":"closed","ping_status":"closed","template":"","meta":{"colormag_page_container_layout":"default_layout","colormag_page_sidebar_layout":"default_layout","ngg_post_thumbnail":0,"footnotes":""},"class_list":["post-9513","page","type-page","status-publish","hentry"],"jetpack_sharing_enabled":true,"_links":{"self":[{"href":"https:\/\/drammen.katolsk.no\/index.php\/wp-json\/wp\/v2\/pages\/9513","targetHints":{"allow":["GET"]}}],"collection":[{"href":"https:\/\/drammen.katolsk.no\/index.php\/wp-json\/wp\/v2\/pages"}],"about":[{"href":"https:\/\/drammen.katolsk.no\/index.php\/wp-json\/wp\/v2\/types\/page"}],"author":[{"embeddable":true,"href":"https:\/\/drammen.katolsk.no\/index.php\/wp-json\/wp\/v2\/users\/2"}],"replies":[{"embeddable":true,"href":"https:\/\/drammen.katolsk.no\/index.php\/wp-json\/wp\/v2\/comments?post=9513"}],"version-history":[{"count":7,"href":"https:\/\/drammen.katolsk.no\/index.php\/wp-json\/wp\/v2\/pages\/9513\/revisions"}],"predecessor-version":[{"id":9543,"href":"https:\/\/drammen.katolsk.no\/index.php\/wp-json\/wp\/v2\/pages\/9513\/revisions\/9543"}],"wp:attachment":[{"href":"https:\/\/drammen.katolsk.no\/index.php\/wp-json\/wp\/v2\/media?parent=9513"}],"curies":[{"name":"wp","href":"https:\/\/api.w.org\/{rel}","templated":true}]}}