{"id":9749,"date":"2020-12-05T07:31:59","date_gmt":"2020-12-05T06:31:59","guid":{"rendered":"http:\/\/drammen.katolsk.no\/?page_id=9749"},"modified":"2020-12-05T07:31:59","modified_gmt":"2020-12-05T06:31:59","slug":"guds-ord","status":"publish","type":"page","link":"https:\/\/drammen.katolsk.no\/index.php\/guds-ord\/","title":{"rendered":"Guds ord"},"content":{"rendered":"<p><img loading=\"lazy\" decoding=\"async\" class=\"alignnone size-medium wp-image-9745\" src=\"https:\/\/drammen.katolsk.no\/WordPress\/wp-content\/uploads\/2020\/12\/Guds-ord-300x168.jpg\" alt=\"\" width=\"300\" height=\"168\" data-id=\"9745\"><\/p>\n<p><span style=\"font-size: 14pt;\"><a href=\"https:\/\/issuu.com\/stolavforlag\/docs\/kirkebladet-2020-3\/s\/11283254\" target=\"_blank\" rel=\"noopener noreferrer\"><strong>\u00ab\u2026treet som gir kunnskap om godt og ondt, m\u00e5 du ikke spise\u00bb for en \u00f8kologisk omvendelse<\/strong><\/a><\/span><\/p>\n<p>Tekst: P. Paulus Pham Huu Y<\/p>\n<p><span style=\"font-size: 12pt;\"><br \/>\nLeser vi den bibelske beretning om mennesket i Guds hage og syndefallet, er det den skjebnesvangre befalingen \u00ab\u2026treet som gir kunnskap om godt og ondt, m\u00e5 du ikke spise\u00bb (1.Mos 2:17), som pleier \u00e5 ta v\u00e5r oppmerksomhet. Dette kan gi inntrykk av at det bare er ett tre som er nevnt i denne fortellingen. Faktisk er det to tr\u00e6r som blir presentert ved navn n\u00e5r Bibelen innleder syndefallets historie: \u00abOg Herren Gud lot alle slags tr\u00e6r gro opp av jorden, herlige \u00e5 se p\u00e5 og gode \u00e5 spise av, og midt i hagen livets tre og treet til kunnskap om godt og ondt.\u00bb(2.Mos 2:9).<\/span><\/p>\n<p><span style=\"font-size: 12pt;\">Det sto alts\u00e5 et tre som lovet evig liv midt i hagen og ble presentert f\u00f8rst. Likevel har dette treet ikke fanget interesse. F\u00f8rst etter at menneskene hadde syndet, ville Herren at de ikke \u00ab\u2019strekker h\u00e5nden ut og tar av livets tre, og spiser og lever evig!\u2019 Og Herren Gud sendte ham ut av Edens hage&#8230; og \u00f8st for Edens hage satte han kjerubene og det gl\u00f8dende flammesverdet for \u00e5 vokte veien til livets tre\u00bb(1.Mos 3:22-24)<\/span><\/p>\n<p><span style=\"font-size: 12pt;\">Bibelen meddeler i etterkant at menneskene var fristet og falt for kunnskapens tre. Vi pleier \u00e5 sp\u00f8rre hvorfor Gud forbyr menneskene \u00e5 spise av treet som gir kunnskap om godt og ondt. Det ser ut som om Gud ikke ville at menneskene kunne skjelne og velge mellom det gode og det onde. \u201cKunnskap om godt og ondt\u201der et bibelsk uttrykk som viser til en altomfattende kunnskap, en enorm visdom, en uendelig klokskap. Gud vet at mennesket ikke er i stand til \u00e5 mestre all sin kunnskap. Derfor har Gud advart, og frar\u00e5det mennesket \u00e5 strebe etter \u00e5 vite alle ting, for n\u00e5r alle ting er kjent, &laquo;vil du sikkert d\u00f8&raquo; (1.Mos 2:17). Denne advarselen er fortsatt aktuell for oss i dag. Det er dette budskapet pave Frans formidler til dagens menneskehet i encyklikaen Laudato Si\u2019, som vi n\u00e5 markerer 5-\u00e5rsjubileet for.<\/span><\/p>\n<p><span style=\"font-size: 12pt;\">Etter mer enn to \u00e5rhundrer med store fremskritt innen vitenskap og teknologi, st\u00e5r menneskeheten i dag overfor en sosio-\u00f8kologisk krise. Klimaendring og naturkatastrofe kjenner ingen grenser. N\u00e5r man strekker seg for \u00e5 plukke fruktene av det h\u00f8yeste kunnskapsniv\u00e5et \u2013 kjernekraft, bioteknologi, informasjonsteknologi, DNA-kunnskap &#8211; st\u00e5r menneskeheten i dag p\u00e5 randen av selv\u00f8deleggelse (jf. LS 104). I denne sammenheng er Laudato Si\u2019 en oppfordring til \u00f8kologisk omvendelse fra en kastekultur og en markedsideolog som for\u00e5rsaker milj\u00f8krise, og som utelukker de fattige, skapelsen og til og med Skaperen (jf. LS 224).<\/span><\/p>\n<p><span style=\"font-size: 12pt;\">Encyklikaen byr oss en ny ideologi, en integrert \u00f8kologi, med den hellige Frans av Assisi som veileder. I Frans\u2019 spiritualitet ligger en oppfordring til \u00e5 v\u00e6re \u00e5pne for fellesskapet med hele skaperverket. N\u00e5r man n\u00e6rmer seg naturen og milj\u00f8et med et \u00e5pent og \u00e6rb\u00f8dig hjerte, oppf\u00f8rer man seg ikke lenger som en gr\u00e5dig eier eller en utrettelig forbruker. \u00d8kologisk spiritualitet gj\u00f8r mennesker tilbakeholdne og oppmerksomme overfor alle skapningene som finnes rundt dem. Det endrer menneskets hjerte til \u00e5 betrakte verden som et mysterium, med glede og lovsang (jf. LS 12). 5-\u00e5rsjubileet kan v\u00e6re en anledning til \u00e5 lese Laudato Si\u2019 nok en gang for \u00e5 oppdage, midt i denne pandemikrisen, hele den profetiske og aktuelle dimensjon i encyklikaen. Sammen med pave Frans ber vi for en global \u00f8kologisk omvendelse og fornyelse, som forh\u00e5pentlig kan redde jorden, v\u00e5rt felles hjem.&nbsp;<\/span><\/p>\n","protected":false},"excerpt":{"rendered":"<p>\u00ab\u2026treet som gir kunnskap om godt og ondt, m\u00e5 du ikke spise\u00bb for en \u00f8kologisk omvendelse Tekst: P. Paulus Pham<\/p>\n","protected":false},"author":2,"featured_media":0,"parent":0,"menu_order":0,"comment_status":"closed","ping_status":"closed","template":"","meta":{"colormag_page_container_layout":"default_layout","colormag_page_sidebar_layout":"default_layout","ngg_post_thumbnail":0,"footnotes":""},"class_list":["post-9749","page","type-page","status-publish","hentry"],"jetpack_sharing_enabled":true,"_links":{"self":[{"href":"https:\/\/drammen.katolsk.no\/index.php\/wp-json\/wp\/v2\/pages\/9749","targetHints":{"allow":["GET"]}}],"collection":[{"href":"https:\/\/drammen.katolsk.no\/index.php\/wp-json\/wp\/v2\/pages"}],"about":[{"href":"https:\/\/drammen.katolsk.no\/index.php\/wp-json\/wp\/v2\/types\/page"}],"author":[{"embeddable":true,"href":"https:\/\/drammen.katolsk.no\/index.php\/wp-json\/wp\/v2\/users\/2"}],"replies":[{"embeddable":true,"href":"https:\/\/drammen.katolsk.no\/index.php\/wp-json\/wp\/v2\/comments?post=9749"}],"version-history":[{"count":1,"href":"https:\/\/drammen.katolsk.no\/index.php\/wp-json\/wp\/v2\/pages\/9749\/revisions"}],"predecessor-version":[{"id":9750,"href":"https:\/\/drammen.katolsk.no\/index.php\/wp-json\/wp\/v2\/pages\/9749\/revisions\/9750"}],"wp:attachment":[{"href":"https:\/\/drammen.katolsk.no\/index.php\/wp-json\/wp\/v2\/media?parent=9749"}],"curies":[{"name":"wp","href":"https:\/\/api.w.org\/{rel}","templated":true}]}}